{"id":3858,"date":"2025-03-29T17:44:25","date_gmt":"2025-03-29T17:44:25","guid":{"rendered":"https:\/\/thiesinnovationcenter.sn\/?post_type=product&#038;p=3858"},"modified":"2025-03-29T17:44:55","modified_gmt":"2025-03-29T17:44:55","slug":"clavier-matriciel-compatible-avec-arduino-et-raspberry-pi","status":"publish","type":"product","link":"https:\/\/thiesinnovationcenter.sn\/?product=clavier-matriciel-compatible-avec-arduino-et-raspberry-pi","title":{"rendered":"Clavier matriciel 4&#215;4 compatible avec Arduino et Raspberry Pi"},"content":{"rendered":"<p>Le module est tr\u00e8s adapt\u00e9 \u00e0 l&rsquo;installation. Le module dispose \u00e9galement de quatre trous de 2\u00a0mm pour le montage.<\/p>\n<p><b>Dimensions<\/b><br \/>\nLongueur\u00a0: 6,9\u00a0cm<br \/>\nLargeur\u00a0: 6,5\u00a0cm<br \/>\nHauteur\u00a0: 1cm<\/p>\n","protected":false},"excerpt":{"rendered":"<p>Un clavier id\u00e9al pour vos projets \u00e9lectroniques, projets Arduino ou projets Raspberry. Ce clavier \u00e0 boutons vous permet d\u2019entrer facilement des donn\u00e9es. En plus du clavier num\u00e9rique, de l\u2019\u00e9toile et de la touche di\u00e8se, vous disposez des lettre A, B, C et D.<\/p>\n","protected":false},"featured_media":3566,"comment_status":"open","ping_status":"closed","template":"","meta":[],"etheme_brands":[],"product_brand":[],"product_cat":[34],"product_tag":[],"class_list":{"0":"post-3858","1":"product","2":"type-product","3":"status-publish","4":"has-post-thumbnail","6":"product_cat-accessoires","8":"first","9":"instock","10":"shipping-taxable","11":"purchasable","12":"product-type-simple"},"jetpack_sharing_enabled":true,"_links":{"self":[{"href":"https:\/\/thiesinnovationcenter.sn\/index.php?rest_route=\/wp\/v2\/product\/3858","targetHints":{"allow":["GET"]}}],"collection":[{"href":"https:\/\/thiesinnovationcenter.sn\/index.php?rest_route=\/wp\/v2\/product"}],"about":[{"href":"https:\/\/thiesinnovationcenter.sn\/index.php?rest_route=\/wp\/v2\/types\/product"}],"replies":[{"embeddable":true,"href":"https:\/\/thiesinnovationcenter.sn\/index.php?rest_route=%2Fwp%2Fv2%2Fcomments&post=3858"}],"version-history":[{"count":2,"href":"https:\/\/thiesinnovationcenter.sn\/index.php?rest_route=\/wp\/v2\/product\/3858\/revisions"}],"predecessor-version":[{"id":3860,"href":"https:\/\/thiesinnovationcenter.sn\/index.php?rest_route=\/wp\/v2\/product\/3858\/revisions\/3860"}],"wp:featuredmedia":[{"embeddable":true,"href":"https:\/\/thiesinnovationcenter.sn\/index.php?rest_route=\/wp\/v2\/media\/3566"}],"wp:attachment":[{"href":"https:\/\/thiesinnovationcenter.sn\/index.php?rest_route=%2Fwp%2Fv2%2Fmedia&parent=3858"}],"wp:term":[{"taxonomy":"brand","embeddable":true,"href":"https:\/\/thiesinnovationcenter.sn\/index.php?rest_route=%2Fwp%2Fv2%2Fetheme_brands&post=3858"},{"taxonomy":"product_brand","embeddable":true,"href":"https:\/\/thiesinnovationcenter.sn\/index.php?rest_route=%2Fwp%2Fv2%2Fproduct_brand&post=3858"},{"taxonomy":"product_cat","embeddable":true,"href":"https:\/\/thiesinnovationcenter.sn\/index.php?rest_route=%2Fwp%2Fv2%2Fproduct_cat&post=3858"},{"taxonomy":"product_tag","embeddable":true,"href":"https:\/\/thiesinnovationcenter.sn\/index.php?rest_route=%2Fwp%2Fv2%2Fproduct_tag&post=3858"}],"curies":[{"name":"wp","href":"https:\/\/api.w.org\/{rel}","templated":true}]}}