{"id":3783,"date":"2025-03-27T18:55:06","date_gmt":"2025-03-27T18:55:06","guid":{"rendered":"https:\/\/thiesinnovationcenter.sn\/?post_type=product&#038;p=3783"},"modified":"2025-03-27T19:24:27","modified_gmt":"2025-03-27T19:24:27","slug":"capteur-de-reflexion-infrarouge-e18-d80nk","status":"publish","type":"product","link":"https:\/\/thiesinnovationcenter.sn\/?product=capteur-de-reflexion-infrarouge-e18-d80nk","title":{"rendered":"Capteur de r\u00e9flexion infrarouge E18-D80NK"},"content":{"rendered":"<p>Tension (alimentation et signal)\u00a0: 5\u00a0V\u00a0CC<br \/>\nCourant maximal (consommation)\u00a0: 25\u00a0mA<br \/>\nCourant maximal (signal)\u00a0: 100\u00a0mA<br \/>\nTemps de r\u00e9ponse : &lt; 2ms<br \/>\nDistance de d\u00e9tection\u00a0: 3-80cm<\/p>\n","protected":false},"excerpt":{"rendered":"<p>Le capteur E18-D80NK peut utiliser la r\u00e9flexion infrarouge pour mesurer la distance entre un objet et envoyer un signal.<br \/>\nAvec le potentiom\u00e8tre de r\u00e9glage, vous pouvez r\u00e9gler la distance souhait\u00e9e de 3 \u00e0 80 cm.<\/p>\n","protected":false},"featured_media":3554,"comment_status":"open","ping_status":"closed","template":"","meta":[],"etheme_brands":[],"product_brand":[],"product_cat":[31],"product_tag":[],"class_list":{"0":"post-3783","1":"product","2":"type-product","3":"status-publish","4":"has-post-thumbnail","6":"product_cat-capteur","8":"first","9":"instock","10":"shipping-taxable","11":"purchasable","12":"product-type-simple"},"jetpack_sharing_enabled":true,"_links":{"self":[{"href":"https:\/\/thiesinnovationcenter.sn\/index.php?rest_route=\/wp\/v2\/product\/3783","targetHints":{"allow":["GET"]}}],"collection":[{"href":"https:\/\/thiesinnovationcenter.sn\/index.php?rest_route=\/wp\/v2\/product"}],"about":[{"href":"https:\/\/thiesinnovationcenter.sn\/index.php?rest_route=\/wp\/v2\/types\/product"}],"replies":[{"embeddable":true,"href":"https:\/\/thiesinnovationcenter.sn\/index.php?rest_route=%2Fwp%2Fv2%2Fcomments&post=3783"}],"version-history":[{"count":1,"href":"https:\/\/thiesinnovationcenter.sn\/index.php?rest_route=\/wp\/v2\/product\/3783\/revisions"}],"predecessor-version":[{"id":3784,"href":"https:\/\/thiesinnovationcenter.sn\/index.php?rest_route=\/wp\/v2\/product\/3783\/revisions\/3784"}],"wp:featuredmedia":[{"embeddable":true,"href":"https:\/\/thiesinnovationcenter.sn\/index.php?rest_route=\/wp\/v2\/media\/3554"}],"wp:attachment":[{"href":"https:\/\/thiesinnovationcenter.sn\/index.php?rest_route=%2Fwp%2Fv2%2Fmedia&parent=3783"}],"wp:term":[{"taxonomy":"brand","embeddable":true,"href":"https:\/\/thiesinnovationcenter.sn\/index.php?rest_route=%2Fwp%2Fv2%2Fetheme_brands&post=3783"},{"taxonomy":"product_brand","embeddable":true,"href":"https:\/\/thiesinnovationcenter.sn\/index.php?rest_route=%2Fwp%2Fv2%2Fproduct_brand&post=3783"},{"taxonomy":"product_cat","embeddable":true,"href":"https:\/\/thiesinnovationcenter.sn\/index.php?rest_route=%2Fwp%2Fv2%2Fproduct_cat&post=3783"},{"taxonomy":"product_tag","embeddable":true,"href":"https:\/\/thiesinnovationcenter.sn\/index.php?rest_route=%2Fwp%2Fv2%2Fproduct_tag&post=3783"}],"curies":[{"name":"wp","href":"https:\/\/api.w.org\/{rel}","templated":true}]}}