{"id":3778,"date":"2025-03-27T18:40:23","date_gmt":"2025-03-27T18:40:23","guid":{"rendered":"https:\/\/thiesinnovationcenter.sn\/?post_type=product&#038;p=3778"},"modified":"2025-03-27T18:42:24","modified_gmt":"2025-03-27T18:42:24","slug":"module-capteur-de-flamme-infrarouge-pour-arduino","status":"publish","type":"product","link":"https:\/\/thiesinnovationcenter.sn\/?product=module-capteur-de-flamme-infrarouge-pour-arduino","title":{"rendered":"Module capteur de flamme infrarouge pour Arduino"},"content":{"rendered":"<p>Ce capteur d\u00e9tecte les flammes.<\/p>\n<ul>\n<li>Haute sensibilit\u00e9 (r\u00e9glable)<\/li>\n<li>Sensibilit\u00e9 760-1100nm<\/li>\n<li>\u00c9quip\u00e9 d&rsquo;une LED d&rsquo;alimentation<\/li>\n<li>LED active<\/li>\n<li>Angle de d\u00e9tection\u00a0: 60\u00a0degr\u00e9s<\/li>\n<li>Tension\u00a0: 3,3\u00a0&#8211;\u00a05\u00a0v<\/li>\n<li>Taille\u00a0: 3,2\u00a0cm x 2,4\u00a0cm<\/li>\n<\/ul>\n","protected":false},"excerpt":{"rendered":"<p>Ce capteur d\u00e9tecte les flammes. Haute sensibilit\u00e9 (r\u00e9glable) Sensibilit\u00e9 760-1100nm \u00c9quip\u00e9 d&rsquo;une LED d&rsquo;alimentation LED active Angle de d\u00e9tection\u00a0: 60\u00a0degr\u00e9s Tension\u00a0: 3,3\u00a0&#8211;\u00a05\u00a0v Taille\u00a0: 3,2\u00a0cm x&#8230;<\/p>\n","protected":false},"featured_media":3581,"comment_status":"open","ping_status":"closed","template":"","meta":[],"etheme_brands":[],"product_brand":[],"product_cat":[31],"product_tag":[],"class_list":{"0":"post-3778","1":"product","2":"type-product","3":"status-publish","4":"has-post-thumbnail","6":"product_cat-capteur","8":"first","9":"instock","10":"shipping-taxable","11":"purchasable","12":"product-type-simple"},"jetpack_sharing_enabled":true,"_links":{"self":[{"href":"https:\/\/thiesinnovationcenter.sn\/index.php?rest_route=\/wp\/v2\/product\/3778","targetHints":{"allow":["GET"]}}],"collection":[{"href":"https:\/\/thiesinnovationcenter.sn\/index.php?rest_route=\/wp\/v2\/product"}],"about":[{"href":"https:\/\/thiesinnovationcenter.sn\/index.php?rest_route=\/wp\/v2\/types\/product"}],"replies":[{"embeddable":true,"href":"https:\/\/thiesinnovationcenter.sn\/index.php?rest_route=%2Fwp%2Fv2%2Fcomments&post=3778"}],"version-history":[{"count":1,"href":"https:\/\/thiesinnovationcenter.sn\/index.php?rest_route=\/wp\/v2\/product\/3778\/revisions"}],"predecessor-version":[{"id":3779,"href":"https:\/\/thiesinnovationcenter.sn\/index.php?rest_route=\/wp\/v2\/product\/3778\/revisions\/3779"}],"wp:featuredmedia":[{"embeddable":true,"href":"https:\/\/thiesinnovationcenter.sn\/index.php?rest_route=\/wp\/v2\/media\/3581"}],"wp:attachment":[{"href":"https:\/\/thiesinnovationcenter.sn\/index.php?rest_route=%2Fwp%2Fv2%2Fmedia&parent=3778"}],"wp:term":[{"taxonomy":"brand","embeddable":true,"href":"https:\/\/thiesinnovationcenter.sn\/index.php?rest_route=%2Fwp%2Fv2%2Fetheme_brands&post=3778"},{"taxonomy":"product_brand","embeddable":true,"href":"https:\/\/thiesinnovationcenter.sn\/index.php?rest_route=%2Fwp%2Fv2%2Fproduct_brand&post=3778"},{"taxonomy":"product_cat","embeddable":true,"href":"https:\/\/thiesinnovationcenter.sn\/index.php?rest_route=%2Fwp%2Fv2%2Fproduct_cat&post=3778"},{"taxonomy":"product_tag","embeddable":true,"href":"https:\/\/thiesinnovationcenter.sn\/index.php?rest_route=%2Fwp%2Fv2%2Fproduct_tag&post=3778"}],"curies":[{"name":"wp","href":"https:\/\/api.w.org\/{rel}","templated":true}]}}