{"id":3769,"date":"2025-03-27T18:06:01","date_gmt":"2025-03-27T18:06:01","guid":{"rendered":"https:\/\/thiesinnovationcenter.sn\/?post_type=product&#038;p=3769"},"modified":"2025-03-27T18:08:26","modified_gmt":"2025-03-27T18:08:26","slug":"module-infrarouge-devitement-dobstacles-hw-201","status":"publish","type":"product","link":"https:\/\/thiesinnovationcenter.sn\/?product=module-infrarouge-devitement-dobstacles-hw-201","title":{"rendered":"Module infrarouge d&rsquo;\u00e9vitement d&rsquo;obstacles HW-201"},"content":{"rendered":"<p>Donne un signal 5V s&rsquo;il n&rsquo;y a pas d&rsquo;obstacles et un signal 0V s&rsquo;il y a un obstacle et le vert La LED s&rsquo;allume. La distance peut \u00eatre ajust\u00e9e avec un potentiom\u00e8tre. Fonctionne avec 3,3\u00a0V et 5\u00a0V, dispose d&rsquo;une LED d&rsquo;alimentation rouge.<\/p>\n<p>Lire la distance aux obstacles \u00e0 une distance de 2-30 cm et 35 degr\u00e9s au moyen de signaux infrarouges. Contient un \u00e9metteur et un r\u00e9cepteur infrarouge.<\/p>\n","protected":false},"excerpt":{"rendered":"<p>Donne un signal 5V s&rsquo;il n&rsquo;y a pas d&rsquo;obstacles et un signal 0V s&rsquo;il y a un obstacle et le vert La LED s&rsquo;allume. La&#8230;<\/p>\n","protected":false},"featured_media":3531,"comment_status":"open","ping_status":"closed","template":"","meta":[],"etheme_brands":[],"product_brand":[],"product_cat":[31],"product_tag":[],"class_list":{"0":"post-3769","1":"product","2":"type-product","3":"status-publish","4":"has-post-thumbnail","6":"product_cat-capteur","8":"first","9":"instock","10":"shipping-taxable","11":"purchasable","12":"product-type-simple"},"jetpack_sharing_enabled":true,"_links":{"self":[{"href":"https:\/\/thiesinnovationcenter.sn\/index.php?rest_route=\/wp\/v2\/product\/3769","targetHints":{"allow":["GET"]}}],"collection":[{"href":"https:\/\/thiesinnovationcenter.sn\/index.php?rest_route=\/wp\/v2\/product"}],"about":[{"href":"https:\/\/thiesinnovationcenter.sn\/index.php?rest_route=\/wp\/v2\/types\/product"}],"replies":[{"embeddable":true,"href":"https:\/\/thiesinnovationcenter.sn\/index.php?rest_route=%2Fwp%2Fv2%2Fcomments&post=3769"}],"version-history":[{"count":1,"href":"https:\/\/thiesinnovationcenter.sn\/index.php?rest_route=\/wp\/v2\/product\/3769\/revisions"}],"predecessor-version":[{"id":3770,"href":"https:\/\/thiesinnovationcenter.sn\/index.php?rest_route=\/wp\/v2\/product\/3769\/revisions\/3770"}],"wp:featuredmedia":[{"embeddable":true,"href":"https:\/\/thiesinnovationcenter.sn\/index.php?rest_route=\/wp\/v2\/media\/3531"}],"wp:attachment":[{"href":"https:\/\/thiesinnovationcenter.sn\/index.php?rest_route=%2Fwp%2Fv2%2Fmedia&parent=3769"}],"wp:term":[{"taxonomy":"brand","embeddable":true,"href":"https:\/\/thiesinnovationcenter.sn\/index.php?rest_route=%2Fwp%2Fv2%2Fetheme_brands&post=3769"},{"taxonomy":"product_brand","embeddable":true,"href":"https:\/\/thiesinnovationcenter.sn\/index.php?rest_route=%2Fwp%2Fv2%2Fproduct_brand&post=3769"},{"taxonomy":"product_cat","embeddable":true,"href":"https:\/\/thiesinnovationcenter.sn\/index.php?rest_route=%2Fwp%2Fv2%2Fproduct_cat&post=3769"},{"taxonomy":"product_tag","embeddable":true,"href":"https:\/\/thiesinnovationcenter.sn\/index.php?rest_route=%2Fwp%2Fv2%2Fproduct_tag&post=3769"}],"curies":[{"name":"wp","href":"https:\/\/api.w.org\/{rel}","templated":true}]}}