{"id":3723,"date":"2025-03-27T09:03:55","date_gmt":"2025-03-27T09:03:55","guid":{"rendered":"https:\/\/thiesinnovationcenter.sn\/?post_type=product&#038;p=3723"},"modified":"2025-03-27T09:03:56","modified_gmt":"2025-03-27T09:03:56","slug":"2004-lcd-retroeclairage-bleu-20x4-avec-i2c-pre-soude","status":"publish","type":"product","link":"https:\/\/thiesinnovationcenter.sn\/?product=2004-lcd-retroeclairage-bleu-20x4-avec-i2c-pre-soude","title":{"rendered":"2004 LCD r\u00e9tro\u00e9clairage bleu 20&#215;4 avec I2C pr\u00e9-soud\u00e9"},"content":{"rendered":"<p>LCD 2004A V1.1 avec module I2C pr\u00e9-soud\u00e9. Peut \u00eatre utilis\u00e9 directement dans votre projet Arduino, ESP32, ESP8266 ou Raspberry Pi. Beaucoup plus facile que sans ce module. D\u00e9sormais, seuls 4 fils sont n\u00e9cessaires pour piloter cet \u00e9cran LCD.<\/p>\n<p>LCD avec r\u00e9tro\u00e9clairage bleu et caract\u00e8res blancs. 4 lignes, 20 caract\u00e8res par ligne. Le contraste est (logiciel) r\u00e9glable.<\/p>\n<p>\u2013 Fonctionne sur\u00a0: 5\u00a0V<\/p>\n<p><strong>Y compris le module I2C\u00a0!<\/strong><\/p>\n<p>Dimensions de l&rsquo;\u00e9cran avec la bordure (partie noire)<br \/>\n9,7\u00a0cm x 4\u00a0cm x 1\u00a0cm (LxlxH)<\/p>\n<p>Taille de l&rsquo;\u00e9cran (uniquement la partie LCD bleue)<br \/>\n7,6cm x 2,6cm (Lxl)<\/p>\n<p><b>Dimensions<\/b><br \/>\nLongueur\u00a0: 9,8\u00a0cm<br \/>\nLargeur\u00a0: 6cm<br \/>\nHauteur\u00a0: 2,2cm<\/p>\n","protected":false},"excerpt":{"rendered":"<p>LCD 2004A V1.1 avec module I2C pr\u00e9-soud\u00e9. Peut \u00eatre utilis\u00e9 directement dans votre projet Arduino, ESP32, ESP8266 ou Raspberry Pi.<\/p>\n","protected":false},"featured_media":3527,"comment_status":"open","ping_status":"closed","template":"","meta":[],"etheme_brands":[],"product_brand":[],"product_cat":[34],"product_tag":[],"class_list":{"0":"post-3723","1":"product","2":"type-product","3":"status-publish","4":"has-post-thumbnail","6":"product_cat-accessoires","8":"first","9":"instock","10":"shipping-taxable","11":"purchasable","12":"product-type-simple"},"jetpack_sharing_enabled":true,"_links":{"self":[{"href":"https:\/\/thiesinnovationcenter.sn\/index.php?rest_route=\/wp\/v2\/product\/3723","targetHints":{"allow":["GET"]}}],"collection":[{"href":"https:\/\/thiesinnovationcenter.sn\/index.php?rest_route=\/wp\/v2\/product"}],"about":[{"href":"https:\/\/thiesinnovationcenter.sn\/index.php?rest_route=\/wp\/v2\/types\/product"}],"replies":[{"embeddable":true,"href":"https:\/\/thiesinnovationcenter.sn\/index.php?rest_route=%2Fwp%2Fv2%2Fcomments&post=3723"}],"version-history":[{"count":1,"href":"https:\/\/thiesinnovationcenter.sn\/index.php?rest_route=\/wp\/v2\/product\/3723\/revisions"}],"predecessor-version":[{"id":3724,"href":"https:\/\/thiesinnovationcenter.sn\/index.php?rest_route=\/wp\/v2\/product\/3723\/revisions\/3724"}],"wp:featuredmedia":[{"embeddable":true,"href":"https:\/\/thiesinnovationcenter.sn\/index.php?rest_route=\/wp\/v2\/media\/3527"}],"wp:attachment":[{"href":"https:\/\/thiesinnovationcenter.sn\/index.php?rest_route=%2Fwp%2Fv2%2Fmedia&parent=3723"}],"wp:term":[{"taxonomy":"brand","embeddable":true,"href":"https:\/\/thiesinnovationcenter.sn\/index.php?rest_route=%2Fwp%2Fv2%2Fetheme_brands&post=3723"},{"taxonomy":"product_brand","embeddable":true,"href":"https:\/\/thiesinnovationcenter.sn\/index.php?rest_route=%2Fwp%2Fv2%2Fproduct_brand&post=3723"},{"taxonomy":"product_cat","embeddable":true,"href":"https:\/\/thiesinnovationcenter.sn\/index.php?rest_route=%2Fwp%2Fv2%2Fproduct_cat&post=3723"},{"taxonomy":"product_tag","embeddable":true,"href":"https:\/\/thiesinnovationcenter.sn\/index.php?rest_route=%2Fwp%2Fv2%2Fproduct_tag&post=3723"}],"curies":[{"name":"wp","href":"https:\/\/api.w.org\/{rel}","templated":true}]}}