{"id":3691,"date":"2025-03-27T02:00:03","date_gmt":"2025-03-27T02:00:03","guid":{"rendered":"https:\/\/thiesinnovationcenter.sn\/?post_type=product&#038;p=3691"},"modified":"2025-03-27T19:09:53","modified_gmt":"2025-03-27T19:09:53","slug":"kit-rfid-rc522-nfc","status":"publish","type":"product","link":"https:\/\/thiesinnovationcenter.sn\/?product=kit-rfid-rc522-nfc","title":{"rendered":"Kit RFID-RC522 NFC"},"content":{"rendered":"<p>Fr\u00e9quence de fonctionnement\u00a0: 13,56\u00a0MHz<br \/>\nCartes prises en charge*\u00a0: Mifare1 S50, Mifare1 S70, Mifare UltraLight, Mifare Pro, Mifare Desfire<br \/>\nDimensions\u00a0: 40\u00a0mm x 60\u00a0mm<br \/>\nTension\u00a0: 3,3\u00a0V CC<br \/>\nCourant nominal\u00a0: 13-26\u00a0mA \/ CC 3,3\u00a0V<br \/>\nCourant de veille\u00a0: 10-13\u00a0mA \/ CC 3,3\u00a0V<br \/>\nConsommation d&rsquo;\u00e9nergie en mode veille\u00a0:\u00a0&lt;80\u00a0uA<br \/>\nCourant de cr\u00eate\u00a0: &lt; 30mA<\/p>\n","protected":false},"excerpt":{"rendered":"<p>Ouvrir une porte avec votre porte-cl\u00e9s ou votre carte-cl\u00e9 Vous pouvez le faire vous-m\u00eame avec ce kit RFID (NFC). Comprend le porte-cl\u00e9s S50<\/p>\n","protected":false},"featured_media":3438,"comment_status":"open","ping_status":"closed","template":"","meta":[],"etheme_brands":[],"product_brand":[],"product_cat":[41],"product_tag":[],"class_list":{"0":"post-3691","1":"product","2":"type-product","3":"status-publish","4":"has-post-thumbnail","6":"product_cat-module","8":"first","9":"instock","10":"shipping-taxable","11":"purchasable","12":"product-type-simple"},"jetpack_sharing_enabled":true,"_links":{"self":[{"href":"https:\/\/thiesinnovationcenter.sn\/index.php?rest_route=\/wp\/v2\/product\/3691","targetHints":{"allow":["GET"]}}],"collection":[{"href":"https:\/\/thiesinnovationcenter.sn\/index.php?rest_route=\/wp\/v2\/product"}],"about":[{"href":"https:\/\/thiesinnovationcenter.sn\/index.php?rest_route=\/wp\/v2\/types\/product"}],"replies":[{"embeddable":true,"href":"https:\/\/thiesinnovationcenter.sn\/index.php?rest_route=%2Fwp%2Fv2%2Fcomments&post=3691"}],"version-history":[{"count":1,"href":"https:\/\/thiesinnovationcenter.sn\/index.php?rest_route=\/wp\/v2\/product\/3691\/revisions"}],"predecessor-version":[{"id":3692,"href":"https:\/\/thiesinnovationcenter.sn\/index.php?rest_route=\/wp\/v2\/product\/3691\/revisions\/3692"}],"wp:featuredmedia":[{"embeddable":true,"href":"https:\/\/thiesinnovationcenter.sn\/index.php?rest_route=\/wp\/v2\/media\/3438"}],"wp:attachment":[{"href":"https:\/\/thiesinnovationcenter.sn\/index.php?rest_route=%2Fwp%2Fv2%2Fmedia&parent=3691"}],"wp:term":[{"taxonomy":"brand","embeddable":true,"href":"https:\/\/thiesinnovationcenter.sn\/index.php?rest_route=%2Fwp%2Fv2%2Fetheme_brands&post=3691"},{"taxonomy":"product_brand","embeddable":true,"href":"https:\/\/thiesinnovationcenter.sn\/index.php?rest_route=%2Fwp%2Fv2%2Fproduct_brand&post=3691"},{"taxonomy":"product_cat","embeddable":true,"href":"https:\/\/thiesinnovationcenter.sn\/index.php?rest_route=%2Fwp%2Fv2%2Fproduct_cat&post=3691"},{"taxonomy":"product_tag","embeddable":true,"href":"https:\/\/thiesinnovationcenter.sn\/index.php?rest_route=%2Fwp%2Fv2%2Fproduct_tag&post=3691"}],"curies":[{"name":"wp","href":"https:\/\/api.w.org\/{rel}","templated":true}]}}