{"id":3689,"date":"2025-03-27T01:53:22","date_gmt":"2025-03-27T01:53:22","guid":{"rendered":"https:\/\/thiesinnovationcenter.sn\/?post_type=product&#038;p=3689"},"modified":"2025-03-27T16:28:21","modified_gmt":"2025-03-27T16:28:21","slug":"capteur-de-debit-deau","status":"publish","type":"product","link":"https:\/\/thiesinnovationcenter.sn\/?product=capteur-de-debit-deau","title":{"rendered":"capteur de d\u00e9bit d&rsquo;eau"},"content":{"rendered":"<p><span class=\"title\">Description<i class=\"icon_w_text icon-chevron-down visible-mobile visible-tablet\"><\/i><\/span><\/p>\n<div class=\"toggle flex-column desc-wrap toggle-content js-show-more-wrap\">\n<div class=\"js-show-more-content\">\n<p>Tension\u00a0: DC 5\u00a0V<\/p>\n<p>Courant\u00a0: 10\u00a0mA<\/p>\n<p>Temp\u00e9rature du liquide : pas plus de 120 \u00b0C<\/p>\n<p>\u00c9tanch\u00e9it\u00e9\u00a0: IP65<\/p>\n<p>Diam\u00e8tre du filetage d&rsquo;entr\u00e9e\u00a0: G1\/2 m\u00e2le<\/p>\n<p>Diam\u00e8tre du filetage de sortie : G1\/2 femelle<\/p>\n<p><b>Dimensions<\/b><br \/>\nLongueur : 5cm<br \/>\nLargeur\u00a0: 3cm<br \/>\nHauteur\u00a0: 2,2cm<\/p>\n<\/div>\n<\/div>\n","protected":false},"excerpt":{"rendered":"<p>Le capteur de d\u00e9bit d\u2019eau peut \u00eatre utilis\u00e9 pour surveiller le d\u00e9bit de liquide dans une machine \u00e0 eau, un chauffe-eau, une machine \u00e0 caf\u00e9, un distributeur automatique, un compteur d\u2019eau, une machine de test m\u00e9dical, etc. Ils sont largement appliqu\u00e9s dans les \u00e9quipements industriels, les \u00e9quipements agricoles et les appareils \u00e9lectrom\u00e9nagers \u00e0 l\u2019avenir.<\/p>\n","protected":false},"featured_media":3487,"comment_status":"open","ping_status":"closed","template":"","meta":[],"etheme_brands":[],"product_brand":[],"product_cat":[31],"product_tag":[],"class_list":{"0":"post-3689","1":"product","2":"type-product","3":"status-publish","4":"has-post-thumbnail","6":"product_cat-capteur","8":"first","9":"instock","10":"shipping-taxable","11":"purchasable","12":"product-type-simple"},"jetpack_sharing_enabled":true,"_links":{"self":[{"href":"https:\/\/thiesinnovationcenter.sn\/index.php?rest_route=\/wp\/v2\/product\/3689","targetHints":{"allow":["GET"]}}],"collection":[{"href":"https:\/\/thiesinnovationcenter.sn\/index.php?rest_route=\/wp\/v2\/product"}],"about":[{"href":"https:\/\/thiesinnovationcenter.sn\/index.php?rest_route=\/wp\/v2\/types\/product"}],"replies":[{"embeddable":true,"href":"https:\/\/thiesinnovationcenter.sn\/index.php?rest_route=%2Fwp%2Fv2%2Fcomments&post=3689"}],"version-history":[{"count":2,"href":"https:\/\/thiesinnovationcenter.sn\/index.php?rest_route=\/wp\/v2\/product\/3689\/revisions"}],"predecessor-version":[{"id":3735,"href":"https:\/\/thiesinnovationcenter.sn\/index.php?rest_route=\/wp\/v2\/product\/3689\/revisions\/3735"}],"wp:featuredmedia":[{"embeddable":true,"href":"https:\/\/thiesinnovationcenter.sn\/index.php?rest_route=\/wp\/v2\/media\/3487"}],"wp:attachment":[{"href":"https:\/\/thiesinnovationcenter.sn\/index.php?rest_route=%2Fwp%2Fv2%2Fmedia&parent=3689"}],"wp:term":[{"taxonomy":"brand","embeddable":true,"href":"https:\/\/thiesinnovationcenter.sn\/index.php?rest_route=%2Fwp%2Fv2%2Fetheme_brands&post=3689"},{"taxonomy":"product_brand","embeddable":true,"href":"https:\/\/thiesinnovationcenter.sn\/index.php?rest_route=%2Fwp%2Fv2%2Fproduct_brand&post=3689"},{"taxonomy":"product_cat","embeddable":true,"href":"https:\/\/thiesinnovationcenter.sn\/index.php?rest_route=%2Fwp%2Fv2%2Fproduct_cat&post=3689"},{"taxonomy":"product_tag","embeddable":true,"href":"https:\/\/thiesinnovationcenter.sn\/index.php?rest_route=%2Fwp%2Fv2%2Fproduct_tag&post=3689"}],"curies":[{"name":"wp","href":"https:\/\/api.w.org\/{rel}","templated":true}]}}