{"id":3687,"date":"2025-03-27T01:47:57","date_gmt":"2025-03-27T01:47:57","guid":{"rendered":"https:\/\/thiesinnovationcenter.sn\/?post_type=product&#038;p=3687"},"modified":"2025-03-27T16:31:55","modified_gmt":"2025-03-27T16:31:55","slug":"esp-12s-a9g-gsm-gprsgps-noeud-iot-iot-mcu","status":"publish","type":"product","link":"https:\/\/thiesinnovationcenter.sn\/?product=esp-12s-a9g-gsm-gprsgps-noeud-iot-iot-mcu","title":{"rendered":"ESP-12S A9G GSM GPRS+GPS N\u0152UD IOT, IOT MCU"},"content":{"rendered":"<p><strong><span>Fonctionnalit\u00e9 ESP-12S :<\/span><\/strong><\/p>\n<p><span>ESP8266 \u00e0 80 MHz avec logique\/alimentation 3,3 V<\/span><\/p>\n<p><span>4 Mo de FLASH (32 Mbits)<\/span><\/p>\n<p><span>WiFi 802.11 b\/g\/n int\u00e9gr\u00e9<\/span><\/p>\n<p><span>R\u00e9gulateur 3,3 V avec sortie de courant de cr\u00eate de 500 mA<\/span><\/p>\n<p><span>Prise en charge de la r\u00e9initialisation automatique pour passer en mode de d\u00e9marrage avant le t\u00e9l\u00e9chargement du micrologiciel<\/span><\/p>\n<p><span>4 broches GPIO &#8211; peuvent \u00e9galement \u00eatre utilis\u00e9es comme I2C<\/span><\/p>\n<p><span>1 x entr\u00e9es analogiques 3,3 V max<\/span><\/p>\n<p><span>Chargeur LiPoly 500 mA int\u00e9gr\u00e9 avec indicateur LED d&rsquo;\u00e9tat de charge<\/span><\/p>\n<p><span>bouton de r\u00e9initialisation<\/span><\/p>\n<p><strong><span>Fonctionnalit\u00e9 A9G\u00a0:<\/span><\/strong><\/p>\n<p><span>Quadri-bande 850\/900\/1800\/1900 MHz &#8211; connectez-vous \u00e0 n&rsquo;importe quel r\u00e9seau GSM mondial avec n&rsquo;importe quelle carte SIM 2G<\/span><\/p>\n<p><span>GPS enti\u00e8rement int\u00e9gr\u00e9<\/span><\/p>\n<p><span>Envoyer et recevoir des SMS<\/span><\/p>\n<p><span>Envoyer et recevoir des donn\u00e9es GPRS (TCP\/IP, HTTP, etc.)<\/span><\/p>\n<p><span>Prise en charge des commandes AT standard GSM07.07, 07.05 et des commandes \u00e9tendues Ai-Thinker<\/span><\/p>\n<p><span>Prise en charge GPS, BD<\/span><\/p>\n<p><span>Support de carte Nano SIM<\/span><\/p>\n<p><strong><span>Liste des packages :<\/span><\/strong><\/p>\n<p><span>1x N\u0153ud IOT GSM GPRS+GPS ESP-12S A9G<\/span><\/p>\n<p><span>1x antenne GSM<\/span><\/p>\n<p><span>1x antenne GPS active<\/span><\/p>\n","protected":false},"excerpt":{"rendered":"<p>WiFi + Cellulaire + Suivi GPS, tout-en-un ? Oh oui ! D\u00e9couvrez le n\u0153ud IOT ESP-12S A9G GSM GPRS + GPS, un module de t\u00e9l\u00e9phonie mobile tout-en-un avec module WiFi qui vous permet d&rsquo;ajouter la g\u00e9olocalisation, les SMS et les donn\u00e9es \u00e0 votre projet.<\/p>\n","protected":false},"featured_media":3533,"comment_status":"open","ping_status":"closed","template":"","meta":[],"etheme_brands":[],"product_brand":[],"product_cat":[41],"product_tag":[],"class_list":{"0":"post-3687","1":"product","2":"type-product","3":"status-publish","4":"has-post-thumbnail","6":"product_cat-module","8":"first","9":"instock","10":"shipping-taxable","11":"purchasable","12":"product-type-simple"},"jetpack_sharing_enabled":true,"_links":{"self":[{"href":"https:\/\/thiesinnovationcenter.sn\/index.php?rest_route=\/wp\/v2\/product\/3687","targetHints":{"allow":["GET"]}}],"collection":[{"href":"https:\/\/thiesinnovationcenter.sn\/index.php?rest_route=\/wp\/v2\/product"}],"about":[{"href":"https:\/\/thiesinnovationcenter.sn\/index.php?rest_route=\/wp\/v2\/types\/product"}],"replies":[{"embeddable":true,"href":"https:\/\/thiesinnovationcenter.sn\/index.php?rest_route=%2Fwp%2Fv2%2Fcomments&post=3687"}],"version-history":[{"count":1,"href":"https:\/\/thiesinnovationcenter.sn\/index.php?rest_route=\/wp\/v2\/product\/3687\/revisions"}],"predecessor-version":[{"id":3688,"href":"https:\/\/thiesinnovationcenter.sn\/index.php?rest_route=\/wp\/v2\/product\/3687\/revisions\/3688"}],"wp:featuredmedia":[{"embeddable":true,"href":"https:\/\/thiesinnovationcenter.sn\/index.php?rest_route=\/wp\/v2\/media\/3533"}],"wp:attachment":[{"href":"https:\/\/thiesinnovationcenter.sn\/index.php?rest_route=%2Fwp%2Fv2%2Fmedia&parent=3687"}],"wp:term":[{"taxonomy":"brand","embeddable":true,"href":"https:\/\/thiesinnovationcenter.sn\/index.php?rest_route=%2Fwp%2Fv2%2Fetheme_brands&post=3687"},{"taxonomy":"product_brand","embeddable":true,"href":"https:\/\/thiesinnovationcenter.sn\/index.php?rest_route=%2Fwp%2Fv2%2Fproduct_brand&post=3687"},{"taxonomy":"product_cat","embeddable":true,"href":"https:\/\/thiesinnovationcenter.sn\/index.php?rest_route=%2Fwp%2Fv2%2Fproduct_cat&post=3687"},{"taxonomy":"product_tag","embeddable":true,"href":"https:\/\/thiesinnovationcenter.sn\/index.php?rest_route=%2Fwp%2Fv2%2Fproduct_tag&post=3687"}],"curies":[{"name":"wp","href":"https:\/\/api.w.org\/{rel}","templated":true}]}}