{"id":3685,"date":"2025-03-27T01:38:00","date_gmt":"2025-03-27T01:38:00","guid":{"rendered":"https:\/\/thiesinnovationcenter.sn\/?post_type=product&#038;p=3685"},"modified":"2025-04-05T00:33:39","modified_gmt":"2025-04-05T00:33:39","slug":"module-sim-900a-gsm","status":"publish","type":"product","link":"https:\/\/thiesinnovationcenter.sn\/?product=module-sim-900a-gsm","title":{"rendered":"Module Sim 900A GSM antenne pour transmission SMS\/GSM\/GPRS\/STM32\/A6"},"content":{"rendered":"<p>Fonctionnalit\u00e9:<\/p>\n<p>1. Antenne standard, tr\u00e8s bon signal, comparable \u00e0 une antenne \u00e0 ressort haut de gamme.<br \/>\n2. Le circuit CCCC haute performance embarqu\u00e9 stabilise l&rsquo;alimentation 5-18 V \u00e0 environ 3,8 V.<br \/>\n3. L&rsquo;interface audio comprend une interface pour \u00e9couteurs et microphone, et les broches de sortie au pas de 2,54 mm facilitent la connexion externe.<br \/>\n4. L&rsquo;appareil prend en charge plusieurs mod\u00e8les de cartes de t\u00e9l\u00e9phonie mobile et les r\u00e9seaux 2G, \u00e0 condition qu&rsquo;il s&rsquo;agisse d&rsquo;une carte de t\u00e9l\u00e9phonie mobile classique, qu&rsquo;il s&rsquo;agisse d&rsquo;une carte 4G ou 2G.<br \/>\n5. L&rsquo;\u00e9lectricit\u00e9 statique de la carte SIM prot\u00e8ge le circuit int\u00e9gr\u00e9 et emp\u00eache son endommagement. Il est n\u00e9anmoins n\u00e9cessaire de prendre l&rsquo;habitude de brancher la carte ou le cordon de raccordement lorsque l&rsquo;appareil est hors tension.<br \/>\n6. Le circuit d&rsquo;interface TTL vers RS232 embarqu\u00e9 peut \u00eatre d\u00e9bogu\u00e9 via le connecteur 2325 \u00e0 9 broches. Parall\u00e8lement, l&rsquo;interface est \u00e9galement reli\u00e9e \u00e0 la broche d&rsquo;alimentation pour alimenter la carte.<br \/>\n7. Port s\u00e9rie de niveau TTL int\u00e9gr\u00e9, le niveau du port s\u00e9rie est adapt\u00e9 et il peut \u00eatre directement connect\u00e9 \u00e0 un syst\u00e8me 5 V ou 3,3 V sans conversion.<\/p>\n","protected":false},"excerpt":{"rendered":"<p>Fonctionnalit\u00e9: 1. Antenne standard, tr\u00e8s bon signal, comparable \u00e0 une antenne \u00e0 ressort haut de gamme. 2. Le circuit CCCC haute performance embarqu\u00e9 stabilise l&rsquo;alimentation&#8230;<\/p>\n","protected":false},"featured_media":3525,"comment_status":"open","ping_status":"closed","template":"","meta":[],"etheme_brands":[],"product_brand":[],"product_cat":[41],"product_tag":[],"class_list":{"0":"post-3685","1":"product","2":"type-product","3":"status-publish","4":"has-post-thumbnail","6":"product_cat-module","8":"first","9":"instock","10":"shipping-taxable","11":"purchasable","12":"product-type-simple"},"jetpack_sharing_enabled":true,"_links":{"self":[{"href":"https:\/\/thiesinnovationcenter.sn\/index.php?rest_route=\/wp\/v2\/product\/3685","targetHints":{"allow":["GET"]}}],"collection":[{"href":"https:\/\/thiesinnovationcenter.sn\/index.php?rest_route=\/wp\/v2\/product"}],"about":[{"href":"https:\/\/thiesinnovationcenter.sn\/index.php?rest_route=\/wp\/v2\/types\/product"}],"replies":[{"embeddable":true,"href":"https:\/\/thiesinnovationcenter.sn\/index.php?rest_route=%2Fwp%2Fv2%2Fcomments&post=3685"}],"version-history":[{"count":2,"href":"https:\/\/thiesinnovationcenter.sn\/index.php?rest_route=\/wp\/v2\/product\/3685\/revisions"}],"predecessor-version":[{"id":3882,"href":"https:\/\/thiesinnovationcenter.sn\/index.php?rest_route=\/wp\/v2\/product\/3685\/revisions\/3882"}],"wp:featuredmedia":[{"embeddable":true,"href":"https:\/\/thiesinnovationcenter.sn\/index.php?rest_route=\/wp\/v2\/media\/3525"}],"wp:attachment":[{"href":"https:\/\/thiesinnovationcenter.sn\/index.php?rest_route=%2Fwp%2Fv2%2Fmedia&parent=3685"}],"wp:term":[{"taxonomy":"brand","embeddable":true,"href":"https:\/\/thiesinnovationcenter.sn\/index.php?rest_route=%2Fwp%2Fv2%2Fetheme_brands&post=3685"},{"taxonomy":"product_brand","embeddable":true,"href":"https:\/\/thiesinnovationcenter.sn\/index.php?rest_route=%2Fwp%2Fv2%2Fproduct_brand&post=3685"},{"taxonomy":"product_cat","embeddable":true,"href":"https:\/\/thiesinnovationcenter.sn\/index.php?rest_route=%2Fwp%2Fv2%2Fproduct_cat&post=3685"},{"taxonomy":"product_tag","embeddable":true,"href":"https:\/\/thiesinnovationcenter.sn\/index.php?rest_route=%2Fwp%2Fv2%2Fproduct_tag&post=3685"}],"curies":[{"name":"wp","href":"https:\/\/api.w.org\/{rel}","templated":true}]}}