{"id":3681,"date":"2025-03-27T01:28:04","date_gmt":"2025-03-27T01:28:04","guid":{"rendered":"https:\/\/thiesinnovationcenter.sn\/?post_type=product&#038;p=3681"},"modified":"2025-03-27T01:28:04","modified_gmt":"2025-03-27T01:28:04","slug":"kit-moniteur-de-frequence-cardiaque-ecg-avec-electrodes-ad8232","status":"publish","type":"product","link":"https:\/\/thiesinnovationcenter.sn\/?product=kit-moniteur-de-frequence-cardiaque-ecg-avec-electrodes-ad8232","title":{"rendered":"Kit moniteur de fr\u00e9quence cardiaque ECG avec \u00e9lectrodes AD8232"},"content":{"rendered":"<p><strong>Ce kit contient\u00a0:<\/strong><\/p>\n<ul>\n<li>AD8232 module<\/li>\n<li>3 \u00e9lectrodes ECG jetables<\/li>\n<li>Fil de connexion pour l&rsquo;\u00e9lectrode ECG<\/li>\n<\/ul>\n<p><strong>Sp\u00e9cifications\u00a0:<\/strong><br \/>\nEntr\u00e9e tension\u00a0: 3,3\u00a0V<br \/>\nDimensions PCB (lxlxh)\u00a0: 35,5&#215;30,5&#215;10,5\u00a0mm<br \/>\nDiam\u00e8tre des \u00e9lectrodes\u00a0: 52\u00a0mm<\/p>\n<p><strong>Pinout\u00a0:<\/strong><br \/>\nEntr\u00e9e\u00a0: 3,3\u00a0V (3,3\u00a0V)<br \/>\nSortie analogique (OUTPUT)<br \/>\nIndicateur LED<br \/>\nBroche d&rsquo;arr\u00eat (SDN)<br \/>\nD\u00e9tection de d\u00e9rivation (broche LO- et LO+)<br \/>\nMasse ( GND<\/p>\n","protected":false},"excerpt":{"rendered":"<p>Ce kit ECG utilise la puce AD8232 pour mesurer votre fr\u00e9quence cardiaque. Connectez-le \u00e0 votre Arduino ou ESP32 et vous pourrez visualiser votre fr\u00e9quence cardiaque<\/p>\n","protected":false},"featured_media":3544,"comment_status":"open","ping_status":"closed","template":"","meta":[],"etheme_brands":[],"product_brand":[],"product_cat":[15],"product_tag":[],"class_list":{"0":"post-3681","1":"product","2":"type-product","3":"status-publish","4":"has-post-thumbnail","6":"product_cat-uncategorized","8":"first","9":"instock","10":"shipping-taxable","11":"purchasable","12":"product-type-simple"},"jetpack_sharing_enabled":true,"_links":{"self":[{"href":"https:\/\/thiesinnovationcenter.sn\/index.php?rest_route=\/wp\/v2\/product\/3681","targetHints":{"allow":["GET"]}}],"collection":[{"href":"https:\/\/thiesinnovationcenter.sn\/index.php?rest_route=\/wp\/v2\/product"}],"about":[{"href":"https:\/\/thiesinnovationcenter.sn\/index.php?rest_route=\/wp\/v2\/types\/product"}],"replies":[{"embeddable":true,"href":"https:\/\/thiesinnovationcenter.sn\/index.php?rest_route=%2Fwp%2Fv2%2Fcomments&post=3681"}],"version-history":[{"count":1,"href":"https:\/\/thiesinnovationcenter.sn\/index.php?rest_route=\/wp\/v2\/product\/3681\/revisions"}],"predecessor-version":[{"id":3682,"href":"https:\/\/thiesinnovationcenter.sn\/index.php?rest_route=\/wp\/v2\/product\/3681\/revisions\/3682"}],"wp:featuredmedia":[{"embeddable":true,"href":"https:\/\/thiesinnovationcenter.sn\/index.php?rest_route=\/wp\/v2\/media\/3544"}],"wp:attachment":[{"href":"https:\/\/thiesinnovationcenter.sn\/index.php?rest_route=%2Fwp%2Fv2%2Fmedia&parent=3681"}],"wp:term":[{"taxonomy":"brand","embeddable":true,"href":"https:\/\/thiesinnovationcenter.sn\/index.php?rest_route=%2Fwp%2Fv2%2Fetheme_brands&post=3681"},{"taxonomy":"product_brand","embeddable":true,"href":"https:\/\/thiesinnovationcenter.sn\/index.php?rest_route=%2Fwp%2Fv2%2Fproduct_brand&post=3681"},{"taxonomy":"product_cat","embeddable":true,"href":"https:\/\/thiesinnovationcenter.sn\/index.php?rest_route=%2Fwp%2Fv2%2Fproduct_cat&post=3681"},{"taxonomy":"product_tag","embeddable":true,"href":"https:\/\/thiesinnovationcenter.sn\/index.php?rest_route=%2Fwp%2Fv2%2Fproduct_tag&post=3681"}],"curies":[{"name":"wp","href":"https:\/\/api.w.org\/{rel}","templated":true}]}}