{"id":3679,"date":"2025-03-27T01:24:20","date_gmt":"2025-03-27T01:24:20","guid":{"rendered":"https:\/\/thiesinnovationcenter.sn\/?post_type=product&#038;p=3679"},"modified":"2025-03-30T01:22:01","modified_gmt":"2025-03-30T01:22:01","slug":"capteur-ultrasons-hc-sr04","status":"publish","type":"product","link":"https:\/\/thiesinnovationcenter.sn\/?product=capteur-ultrasons-hc-sr04","title":{"rendered":"Capteur ultrasons HC-SR04"},"content":{"rendered":"<p>Angle du capteur\u00a0: &lt;15o<br \/>\nDimensions\u00a0: 45x20mm<br \/>\nR\u00e9solution\u00a0: 3mm<br \/>\nPort\u00e9e de d\u00e9tection : 2-450cm<br \/>\nTension : 5V<br \/>\nCourant : &lt;2mA<\/p>\n<p>Le capteur de distance \u00e0 ultrasons HC-SR04 est un appareil qui utilise des ondes ultrasonores pour mesurer la distance. Le capteur se compose d&rsquo;un \u00e9metteur et d&rsquo;un r\u00e9cepteur qui sont reli\u00e9s \u00e0 un microcontr\u00f4leur, tel qu&rsquo;un Arduino.<\/p>\n","protected":false},"excerpt":{"rendered":"<p>Ce capteur est id\u00e9al pour fabriquer une voiture robot qui surveille la distance des objets. Ou vous pouvez cr\u00e9er votre propre aide au stationnement avec. Des possibilit\u00e9s illimit\u00e9es avec ce capteur de distance \u00e0 ultrasons. Id\u00e9al pour votre projet Aduino \/ ESP32 \/ Wemos ou Raspberry Pi.<\/p>\n","protected":false},"featured_media":3510,"comment_status":"open","ping_status":"closed","template":"","meta":[],"etheme_brands":[],"product_brand":[],"product_cat":[31],"product_tag":[],"class_list":{"0":"post-3679","1":"product","2":"type-product","3":"status-publish","4":"has-post-thumbnail","6":"product_cat-capteur","8":"first","9":"instock","10":"shipping-taxable","11":"purchasable","12":"product-type-simple"},"jetpack_sharing_enabled":true,"_links":{"self":[{"href":"https:\/\/thiesinnovationcenter.sn\/index.php?rest_route=\/wp\/v2\/product\/3679","targetHints":{"allow":["GET"]}}],"collection":[{"href":"https:\/\/thiesinnovationcenter.sn\/index.php?rest_route=\/wp\/v2\/product"}],"about":[{"href":"https:\/\/thiesinnovationcenter.sn\/index.php?rest_route=\/wp\/v2\/types\/product"}],"replies":[{"embeddable":true,"href":"https:\/\/thiesinnovationcenter.sn\/index.php?rest_route=%2Fwp%2Fv2%2Fcomments&post=3679"}],"version-history":[{"count":2,"href":"https:\/\/thiesinnovationcenter.sn\/index.php?rest_route=\/wp\/v2\/product\/3679\/revisions"}],"predecessor-version":[{"id":3875,"href":"https:\/\/thiesinnovationcenter.sn\/index.php?rest_route=\/wp\/v2\/product\/3679\/revisions\/3875"}],"wp:featuredmedia":[{"embeddable":true,"href":"https:\/\/thiesinnovationcenter.sn\/index.php?rest_route=\/wp\/v2\/media\/3510"}],"wp:attachment":[{"href":"https:\/\/thiesinnovationcenter.sn\/index.php?rest_route=%2Fwp%2Fv2%2Fmedia&parent=3679"}],"wp:term":[{"taxonomy":"brand","embeddable":true,"href":"https:\/\/thiesinnovationcenter.sn\/index.php?rest_route=%2Fwp%2Fv2%2Fetheme_brands&post=3679"},{"taxonomy":"product_brand","embeddable":true,"href":"https:\/\/thiesinnovationcenter.sn\/index.php?rest_route=%2Fwp%2Fv2%2Fproduct_brand&post=3679"},{"taxonomy":"product_cat","embeddable":true,"href":"https:\/\/thiesinnovationcenter.sn\/index.php?rest_route=%2Fwp%2Fv2%2Fproduct_cat&post=3679"},{"taxonomy":"product_tag","embeddable":true,"href":"https:\/\/thiesinnovationcenter.sn\/index.php?rest_route=%2Fwp%2Fv2%2Fproduct_tag&post=3679"}],"curies":[{"name":"wp","href":"https:\/\/api.w.org\/{rel}","templated":true}]}}