{"id":3671,"date":"2025-03-27T01:12:30","date_gmt":"2025-03-27T01:12:30","guid":{"rendered":"https:\/\/thiesinnovationcenter.sn\/?post_type=product&#038;p=3671"},"modified":"2025-03-27T01:12:31","modified_gmt":"2025-03-27T01:12:31","slug":"capteur-de-pluie-capteur-de-neige-ot8002","status":"publish","type":"product","link":"https:\/\/thiesinnovationcenter.sn\/?product=capteur-de-pluie-capteur-de-neige-ot8002","title":{"rendered":"Capteur de pluie \/ Capteur de neige (OT8002)"},"content":{"rendered":"<p>Sp\u00e9cifications\u00a0:<\/p>\n<ul>\n<li>Sortie analogique (sortie directe de la surface du capteur)\u00a0: A0 (indiqu\u00e9e sur la carte de circuit imprim\u00e9)&lt;\/li &gt;<\/li>\n<li>Connexion pour la surface du capteur\u00a0: + et &#8211; (l&rsquo;ordre n&rsquo;a pas d&rsquo;importance, imprim\u00e9 sur le circuit imprim\u00e9)<\/li>\n<li>DEL pr\u00e9sente indiquant l&rsquo;\u00e9tat de la capture num\u00e9rique<\/li>\n<li>DEL pr\u00e9sente indiquant l&rsquo;\u00e9tat du module (marche\/arr\u00eat) indique<\/li>\n<li>Tension\u00a0: 3,3-5\u00a0V\u00a0CC (Vcc et GND, indiqu\u00e9s sur le circuit imprim\u00e9)<\/li>\n<li>Sortie num\u00e9rique (seuil r\u00e9glable)\u00a0: D0 (indiqu\u00e9 sur le circuit imprim\u00e9<\/li>\n<\/ul>\n","protected":false},"excerpt":{"rendered":"<p>Ce capteur de pluie peut d\u00e9tecter \u00e0 la fois la pluie et la neige.<br \/>\nDispose d&rsquo;une sortie num\u00e9rique et d&rsquo;une sortie analogique (pour commuter directement un relais, par exemple). La valeur de seuil peut \u00eatre r\u00e9gl\u00e9e avec le potentiom\u00e8tre.<\/p>\n","protected":false},"featured_media":3575,"comment_status":"open","ping_status":"closed","template":"","meta":[],"etheme_brands":[],"product_brand":[],"product_cat":[31],"product_tag":[],"class_list":{"0":"post-3671","1":"product","2":"type-product","3":"status-publish","4":"has-post-thumbnail","6":"product_cat-capteur","8":"first","9":"instock","10":"shipping-taxable","11":"purchasable","12":"product-type-simple"},"jetpack_sharing_enabled":true,"_links":{"self":[{"href":"https:\/\/thiesinnovationcenter.sn\/index.php?rest_route=\/wp\/v2\/product\/3671","targetHints":{"allow":["GET"]}}],"collection":[{"href":"https:\/\/thiesinnovationcenter.sn\/index.php?rest_route=\/wp\/v2\/product"}],"about":[{"href":"https:\/\/thiesinnovationcenter.sn\/index.php?rest_route=\/wp\/v2\/types\/product"}],"replies":[{"embeddable":true,"href":"https:\/\/thiesinnovationcenter.sn\/index.php?rest_route=%2Fwp%2Fv2%2Fcomments&post=3671"}],"version-history":[{"count":1,"href":"https:\/\/thiesinnovationcenter.sn\/index.php?rest_route=\/wp\/v2\/product\/3671\/revisions"}],"predecessor-version":[{"id":3672,"href":"https:\/\/thiesinnovationcenter.sn\/index.php?rest_route=\/wp\/v2\/product\/3671\/revisions\/3672"}],"wp:featuredmedia":[{"embeddable":true,"href":"https:\/\/thiesinnovationcenter.sn\/index.php?rest_route=\/wp\/v2\/media\/3575"}],"wp:attachment":[{"href":"https:\/\/thiesinnovationcenter.sn\/index.php?rest_route=%2Fwp%2Fv2%2Fmedia&parent=3671"}],"wp:term":[{"taxonomy":"brand","embeddable":true,"href":"https:\/\/thiesinnovationcenter.sn\/index.php?rest_route=%2Fwp%2Fv2%2Fetheme_brands&post=3671"},{"taxonomy":"product_brand","embeddable":true,"href":"https:\/\/thiesinnovationcenter.sn\/index.php?rest_route=%2Fwp%2Fv2%2Fproduct_brand&post=3671"},{"taxonomy":"product_cat","embeddable":true,"href":"https:\/\/thiesinnovationcenter.sn\/index.php?rest_route=%2Fwp%2Fv2%2Fproduct_cat&post=3671"},{"taxonomy":"product_tag","embeddable":true,"href":"https:\/\/thiesinnovationcenter.sn\/index.php?rest_route=%2Fwp%2Fv2%2Fproduct_tag&post=3671"}],"curies":[{"name":"wp","href":"https:\/\/api.w.org\/{rel}","templated":true}]}}