{"id":3666,"date":"2025-03-27T01:02:00","date_gmt":"2025-03-27T01:02:00","guid":{"rendered":"https:\/\/thiesinnovationcenter.sn\/?post_type=product&#038;p=3666"},"modified":"2025-03-27T01:02:00","modified_gmt":"2025-03-27T01:02:00","slug":"capteur-hall-lineaire-pour-arduino-esp32-esp8266-ot2079-d96","status":"publish","type":"product","link":"https:\/\/thiesinnovationcenter.sn\/?product=capteur-hall-lineaire-pour-arduino-esp32-esp8266-ot2079-d96","title":{"rendered":"Capteur Hall lin\u00e9aire pour Arduino | ESP32| ESP8266 (OT2079-D96)"},"content":{"rendered":"<p>Capteur \u00e0 effet Hall magn\u00e9tique lin\u00e9aire<\/p>\n<p>Avec cette carte, le champ magn\u00e9tique est mesur\u00e9 par le capteur et affich\u00e9 sous forme de valeur de tension analogique. La sensibilit\u00e9 du capteur peut \u00eatre contr\u00f4l\u00e9e via un potentiom\u00e8tre.<\/p>\n<p>Le module peut \u00eatre soud\u00e9 ou utilis\u00e9 sur une planche \u00e0 pain.<\/p>\n<p>Chipset\u00a0: A3141<br \/>\nSortie num\u00e9rique\u00a0: S&rsquo;il y a un champ magn\u00e9tique est d\u00e9tect\u00e9, un signal est \u00e9mis ici<br \/>\nsortie analogique : valeur de mesure directe du capteur<br \/>\nTension de fonctionnement : 5 V<br \/>\nDimensions : 45 x 15 x 14 mm<\/p>\n","protected":false},"excerpt":{"rendered":"<p>Capteur \u00e0 effet Hall magn\u00e9tique lin\u00e9aire Avec cette carte, le champ magn\u00e9tique est mesur\u00e9 par le capteur et affich\u00e9 sous forme de valeur de tension.<\/p>\n","protected":false},"featured_media":3580,"comment_status":"open","ping_status":"closed","template":"","meta":[],"etheme_brands":[],"product_brand":[],"product_cat":[31],"product_tag":[],"class_list":{"0":"post-3666","1":"product","2":"type-product","3":"status-publish","4":"has-post-thumbnail","6":"product_cat-capteur","8":"first","9":"instock","10":"shipping-taxable","11":"purchasable","12":"product-type-simple"},"jetpack_sharing_enabled":true,"_links":{"self":[{"href":"https:\/\/thiesinnovationcenter.sn\/index.php?rest_route=\/wp\/v2\/product\/3666","targetHints":{"allow":["GET"]}}],"collection":[{"href":"https:\/\/thiesinnovationcenter.sn\/index.php?rest_route=\/wp\/v2\/product"}],"about":[{"href":"https:\/\/thiesinnovationcenter.sn\/index.php?rest_route=\/wp\/v2\/types\/product"}],"replies":[{"embeddable":true,"href":"https:\/\/thiesinnovationcenter.sn\/index.php?rest_route=%2Fwp%2Fv2%2Fcomments&post=3666"}],"version-history":[{"count":1,"href":"https:\/\/thiesinnovationcenter.sn\/index.php?rest_route=\/wp\/v2\/product\/3666\/revisions"}],"predecessor-version":[{"id":3667,"href":"https:\/\/thiesinnovationcenter.sn\/index.php?rest_route=\/wp\/v2\/product\/3666\/revisions\/3667"}],"wp:featuredmedia":[{"embeddable":true,"href":"https:\/\/thiesinnovationcenter.sn\/index.php?rest_route=\/wp\/v2\/media\/3580"}],"wp:attachment":[{"href":"https:\/\/thiesinnovationcenter.sn\/index.php?rest_route=%2Fwp%2Fv2%2Fmedia&parent=3666"}],"wp:term":[{"taxonomy":"brand","embeddable":true,"href":"https:\/\/thiesinnovationcenter.sn\/index.php?rest_route=%2Fwp%2Fv2%2Fetheme_brands&post=3666"},{"taxonomy":"product_brand","embeddable":true,"href":"https:\/\/thiesinnovationcenter.sn\/index.php?rest_route=%2Fwp%2Fv2%2Fproduct_brand&post=3666"},{"taxonomy":"product_cat","embeddable":true,"href":"https:\/\/thiesinnovationcenter.sn\/index.php?rest_route=%2Fwp%2Fv2%2Fproduct_cat&post=3666"},{"taxonomy":"product_tag","embeddable":true,"href":"https:\/\/thiesinnovationcenter.sn\/index.php?rest_route=%2Fwp%2Fv2%2Fproduct_tag&post=3666"}],"curies":[{"name":"wp","href":"https:\/\/api.w.org\/{rel}","templated":true}]}}