{"id":3664,"date":"2025-03-27T00:56:09","date_gmt":"2025-03-27T00:56:09","guid":{"rendered":"https:\/\/thiesinnovationcenter.sn\/?post_type=product&#038;p=3664"},"modified":"2025-03-27T00:57:05","modified_gmt":"2025-03-27T00:57:05","slug":"capteur-deau-pour-arduino-esp32-esp8266-ot722-d66","status":"publish","type":"product","link":"https:\/\/thiesinnovationcenter.sn\/?product=capteur-deau-pour-arduino-esp32-esp8266-ot722-d66","title":{"rendered":"Capteur d&rsquo;eau pour Arduino | ESP32| ESP8266 (OT722-D66)"},"content":{"rendered":"<p>Ce capteur d&rsquo;eau est id\u00e9al pour d\u00e9tecter l&rsquo;eau ou le niveau d&rsquo;eau. Les traces d\u00e9terminent la quantit\u00e9 d&rsquo;eau pr\u00e9sente.<\/p>\n<p>Tension\u00a0: 3-5\u00a0V (20\u00a0mA)<br \/>\nZone de d\u00e9tection\u00a0: 40\u00a0mm x 16\u00a0mm<br \/>\nTemp\u00e9rature de fonctionnement\u00a0: 10\u00a0&#8211;\u00a030<br \/>\nTaille\u00a0: 62x20x8mm<\/p>\n","protected":false},"excerpt":{"rendered":"<p>Ce capteur d&rsquo;eau est id\u00e9al pour d\u00e9tecter l&rsquo;eau ou le niveau d&rsquo;eau. Les traces d\u00e9terminent la quantit\u00e9 d&rsquo;eau pr\u00e9sente. Tension : 3-5 V (20 mA)<\/p>\n","protected":false},"featured_media":3583,"comment_status":"open","ping_status":"closed","template":"","meta":[],"etheme_brands":[],"product_brand":[],"product_cat":[31],"product_tag":[],"class_list":{"0":"post-3664","1":"product","2":"type-product","3":"status-publish","4":"has-post-thumbnail","6":"product_cat-capteur","8":"first","9":"instock","10":"shipping-taxable","11":"purchasable","12":"product-type-simple"},"jetpack_sharing_enabled":true,"_links":{"self":[{"href":"https:\/\/thiesinnovationcenter.sn\/index.php?rest_route=\/wp\/v2\/product\/3664","targetHints":{"allow":["GET"]}}],"collection":[{"href":"https:\/\/thiesinnovationcenter.sn\/index.php?rest_route=\/wp\/v2\/product"}],"about":[{"href":"https:\/\/thiesinnovationcenter.sn\/index.php?rest_route=\/wp\/v2\/types\/product"}],"replies":[{"embeddable":true,"href":"https:\/\/thiesinnovationcenter.sn\/index.php?rest_route=%2Fwp%2Fv2%2Fcomments&post=3664"}],"version-history":[{"count":1,"href":"https:\/\/thiesinnovationcenter.sn\/index.php?rest_route=\/wp\/v2\/product\/3664\/revisions"}],"predecessor-version":[{"id":3665,"href":"https:\/\/thiesinnovationcenter.sn\/index.php?rest_route=\/wp\/v2\/product\/3664\/revisions\/3665"}],"wp:featuredmedia":[{"embeddable":true,"href":"https:\/\/thiesinnovationcenter.sn\/index.php?rest_route=\/wp\/v2\/media\/3583"}],"wp:attachment":[{"href":"https:\/\/thiesinnovationcenter.sn\/index.php?rest_route=%2Fwp%2Fv2%2Fmedia&parent=3664"}],"wp:term":[{"taxonomy":"brand","embeddable":true,"href":"https:\/\/thiesinnovationcenter.sn\/index.php?rest_route=%2Fwp%2Fv2%2Fetheme_brands&post=3664"},{"taxonomy":"product_brand","embeddable":true,"href":"https:\/\/thiesinnovationcenter.sn\/index.php?rest_route=%2Fwp%2Fv2%2Fproduct_brand&post=3664"},{"taxonomy":"product_cat","embeddable":true,"href":"https:\/\/thiesinnovationcenter.sn\/index.php?rest_route=%2Fwp%2Fv2%2Fproduct_cat&post=3664"},{"taxonomy":"product_tag","embeddable":true,"href":"https:\/\/thiesinnovationcenter.sn\/index.php?rest_route=%2Fwp%2Fv2%2Fproduct_tag&post=3664"}],"curies":[{"name":"wp","href":"https:\/\/api.w.org\/{rel}","templated":true}]}}