{"id":3654,"date":"2025-03-27T00:43:27","date_gmt":"2025-03-27T00:43:27","guid":{"rendered":"https:\/\/thiesinnovationcenter.sn\/?post_type=product&#038;p=3654"},"modified":"2025-03-27T16:21:23","modified_gmt":"2025-03-27T16:21:23","slug":"module-esp-01-esp8266-ot2050-c51","status":"publish","type":"product","link":"https:\/\/thiesinnovationcenter.sn\/?product=module-esp-01-esp8266-ot2050-c51","title":{"rendered":"Module ESP8266-01S"},"content":{"rendered":"<p>&#8211; Puce\u00a0: ESP8266EX (avec processeur RISC Tensilica 32\u00a0bits)<br \/>\n&amp;ndash\u00a0; Fr\u00e9quence d&rsquo;horloge\u00a0: 80\u00a0Mhz (r\u00e9glable jusqu&rsquo;\u00e0 160\u00a0Mhz)<br \/>\n&amp;ndash\u00a0; M\u00e9moire flash : 1 Mo (8 Mbit) DIO<br \/>\n\u2013 Courant continu par broche d&rsquo;E\/S\u00a0: 6\u00a0mA typique, 12\u00a0mA max<br \/>\n&amp;ndash\u00a0; Wi-Fi\u00a0: 802.11 b\/g\/n avec prise en charge WPA\/WPA2<br \/>\n\u2013 Mode Wifi : Station\/ softAP\/ Station+softAP<br \/>\n\u2013 Tension d&rsquo;entr\u00e9e\u00a0: 3,3\u00a0V r\u00e9gul\u00e9e<br \/>\n&amp;ndash\u00a0; Tension de fonctionnement (niveau logique)\u00a0: 3,3\u00a0V<br \/>\n\u2013 LED d&rsquo;activit\u00e9 bleue<\/p>\n","protected":false},"excerpt":{"rendered":"<p>Le module ESP8266 fonctionne avec le port UART normal de votre Arduino et peut se connecter aux r\u00e9seaux, former votre propre r\u00e9seau (point chaud) ou les deux. Les possibilit\u00e9s avec ce module sont infinies\u00a0!<\/p>\n","protected":false},"featured_media":3470,"comment_status":"open","ping_status":"closed","template":"","meta":[],"etheme_brands":[],"product_brand":[],"product_cat":[34,41],"product_tag":[],"class_list":{"0":"post-3654","1":"product","2":"type-product","3":"status-publish","4":"has-post-thumbnail","6":"product_cat-accessoires","7":"product_cat-module","9":"first","10":"instock","11":"shipping-taxable","12":"purchasable","13":"product-type-simple"},"jetpack_sharing_enabled":true,"_links":{"self":[{"href":"https:\/\/thiesinnovationcenter.sn\/index.php?rest_route=\/wp\/v2\/product\/3654","targetHints":{"allow":["GET"]}}],"collection":[{"href":"https:\/\/thiesinnovationcenter.sn\/index.php?rest_route=\/wp\/v2\/product"}],"about":[{"href":"https:\/\/thiesinnovationcenter.sn\/index.php?rest_route=\/wp\/v2\/types\/product"}],"replies":[{"embeddable":true,"href":"https:\/\/thiesinnovationcenter.sn\/index.php?rest_route=%2Fwp%2Fv2%2Fcomments&post=3654"}],"version-history":[{"count":2,"href":"https:\/\/thiesinnovationcenter.sn\/index.php?rest_route=\/wp\/v2\/product\/3654\/revisions"}],"predecessor-version":[{"id":3732,"href":"https:\/\/thiesinnovationcenter.sn\/index.php?rest_route=\/wp\/v2\/product\/3654\/revisions\/3732"}],"wp:featuredmedia":[{"embeddable":true,"href":"https:\/\/thiesinnovationcenter.sn\/index.php?rest_route=\/wp\/v2\/media\/3470"}],"wp:attachment":[{"href":"https:\/\/thiesinnovationcenter.sn\/index.php?rest_route=%2Fwp%2Fv2%2Fmedia&parent=3654"}],"wp:term":[{"taxonomy":"brand","embeddable":true,"href":"https:\/\/thiesinnovationcenter.sn\/index.php?rest_route=%2Fwp%2Fv2%2Fetheme_brands&post=3654"},{"taxonomy":"product_brand","embeddable":true,"href":"https:\/\/thiesinnovationcenter.sn\/index.php?rest_route=%2Fwp%2Fv2%2Fproduct_brand&post=3654"},{"taxonomy":"product_cat","embeddable":true,"href":"https:\/\/thiesinnovationcenter.sn\/index.php?rest_route=%2Fwp%2Fv2%2Fproduct_cat&post=3654"},{"taxonomy":"product_tag","embeddable":true,"href":"https:\/\/thiesinnovationcenter.sn\/index.php?rest_route=%2Fwp%2Fv2%2Fproduct_tag&post=3654"}],"curies":[{"name":"wp","href":"https:\/\/api.w.org\/{rel}","templated":true}]}}