{"id":3652,"date":"2025-03-27T00:38:10","date_gmt":"2025-03-27T00:38:10","guid":{"rendered":"https:\/\/thiesinnovationcenter.sn\/?post_type=product&#038;p=3652"},"modified":"2025-08-16T00:10:36","modified_gmt":"2025-08-16T00:10:36","slug":"module-relais-8-canaux","status":"publish","type":"product","link":"https:\/\/thiesinnovationcenter.sn\/?product=module-relais-8-canaux","title":{"rendered":"Module relais 8 Canaux"},"content":{"rendered":"<p><span class=\"title\">Description<i class=\"icon_w_text icon-chevron-down visible-mobile visible-tablet\"><\/i><\/span><\/p>\n<div class=\"toggle flex-column desc-wrap toggle-content js-show-more-wrap\">\n<div class=\"js-show-more-content\">\n<p>Carte relais 8 canaux 12v<\/p>\n<ul>\n<li>Charge \u00e9lev\u00e9e possible : AC250V 10A \/ DC30V 10A<\/li>\n<li>Commande relais 12v<\/li>\n<li>8 relais s\u00e9par\u00e9s sur imprim\u00e9 circuit imprim\u00e9<\/li>\n<li>avec 8 indicateurs LED<\/li>\n<li>4 trous de montage<\/li>\n<\/ul>\n<\/div>\n<\/div>\n","protected":false},"excerpt":{"rendered":"<p>Carte relais 8 canaux 12v Charge \u00e9lev\u00e9e possible : AC250V 10A \/ DC30V 10A Commande relais 12v 8 relais s\u00e9par\u00e9s sur imprim\u00e9 circuit<\/p>\n","protected":false},"featured_media":3590,"comment_status":"open","ping_status":"closed","template":"","meta":[],"etheme_brands":[],"product_brand":[],"product_cat":[34],"product_tag":[],"class_list":{"0":"post-3652","1":"product","2":"type-product","3":"status-publish","4":"has-post-thumbnail","6":"product_cat-accessoires","8":"first","9":"instock","10":"shipping-taxable","11":"purchasable","12":"product-type-simple"},"jetpack_sharing_enabled":true,"_links":{"self":[{"href":"https:\/\/thiesinnovationcenter.sn\/index.php?rest_route=\/wp\/v2\/product\/3652","targetHints":{"allow":["GET"]}}],"collection":[{"href":"https:\/\/thiesinnovationcenter.sn\/index.php?rest_route=\/wp\/v2\/product"}],"about":[{"href":"https:\/\/thiesinnovationcenter.sn\/index.php?rest_route=\/wp\/v2\/types\/product"}],"replies":[{"embeddable":true,"href":"https:\/\/thiesinnovationcenter.sn\/index.php?rest_route=%2Fwp%2Fv2%2Fcomments&post=3652"}],"version-history":[{"count":1,"href":"https:\/\/thiesinnovationcenter.sn\/index.php?rest_route=\/wp\/v2\/product\/3652\/revisions"}],"predecessor-version":[{"id":3653,"href":"https:\/\/thiesinnovationcenter.sn\/index.php?rest_route=\/wp\/v2\/product\/3652\/revisions\/3653"}],"wp:featuredmedia":[{"embeddable":true,"href":"https:\/\/thiesinnovationcenter.sn\/index.php?rest_route=\/wp\/v2\/media\/3590"}],"wp:attachment":[{"href":"https:\/\/thiesinnovationcenter.sn\/index.php?rest_route=%2Fwp%2Fv2%2Fmedia&parent=3652"}],"wp:term":[{"taxonomy":"brand","embeddable":true,"href":"https:\/\/thiesinnovationcenter.sn\/index.php?rest_route=%2Fwp%2Fv2%2Fetheme_brands&post=3652"},{"taxonomy":"product_brand","embeddable":true,"href":"https:\/\/thiesinnovationcenter.sn\/index.php?rest_route=%2Fwp%2Fv2%2Fproduct_brand&post=3652"},{"taxonomy":"product_cat","embeddable":true,"href":"https:\/\/thiesinnovationcenter.sn\/index.php?rest_route=%2Fwp%2Fv2%2Fproduct_cat&post=3652"},{"taxonomy":"product_tag","embeddable":true,"href":"https:\/\/thiesinnovationcenter.sn\/index.php?rest_route=%2Fwp%2Fv2%2Fproduct_tag&post=3652"}],"curies":[{"name":"wp","href":"https:\/\/api.w.org\/{rel}","templated":true}]}}