{"id":3637,"date":"2025-03-26T23:04:07","date_gmt":"2025-03-26T23:04:07","guid":{"rendered":"https:\/\/thiesinnovationcenter.sn\/?post_type=product&#038;p=3637"},"modified":"2025-03-30T01:45:54","modified_gmt":"2025-03-30T01:45:54","slug":"module-de-capteurs-de-mouvement-pir-shillehtek-hc-sr501","status":"publish","type":"product","link":"https:\/\/thiesinnovationcenter.sn\/?product=module-de-capteurs-de-mouvement-pir-shillehtek-hc-sr501","title":{"rendered":"Module de Capteurs de mouvement PIR SHILLEHTEK HC-SR501"},"content":{"rendered":"<ul>\n<li>[LARGE PLAGE DE TENSION] : Fonctionne entre 4,8 et 20 V.<\/li>\n<li>[COMPATIBILIT\u00c9] : Ce produit est compatible avec Arduino, Raspberry Pi (tous les mod\u00e8les, y compris le Pico et le Pico W) et d&rsquo;autres microcontr\u00f4leurs tels que Arduino Nano RP2040 et Seed Studio Xiao RP2040, et plus encore.<\/li>\n<li>[R\u00c9GLABLE] : Le HC-SR501 dispose d&rsquo;un r\u00e9glage de sensibilit\u00e9 qui lui permet de d\u00e9tecter les mouvements \u00e0 une distance de 3 \u00e0 7 m\u00e8tres.<\/li>\n<li>[M\u00c9CANISME SIMPLE] : Si le capteur d\u00e9tecte un mouvement, la valeur de cette broche est d\u00e9finie sur \u00ab\u00a01\u00a0\u00bb. Les deux potentiom\u00e8tres de la carte permettent de r\u00e9gler la sensibilit\u00e9 et le d\u00e9lai apr\u00e8s d\u00e9tection d&rsquo;un mouvement.<\/li>\n<\/ul>\n<p>&nbsp;<\/p>\n","protected":false},"excerpt":{"rendered":"<p>Le capteur HC-SR501 est un composant tr\u00e8s polyvalent, souvent utilis\u00e9 dans l&rsquo;\u00e9clairage automatis\u00e9, les syst\u00e8mes de s\u00e9curit\u00e9 et autres dispositifs sensibles au mouvement. Selon sa configuration, le HC-SR501 peut fonctionner sur de grandes distances ou \u00e0 des plages variables, ainsi qu&rsquo;\u00e0 des temp\u00e9ratures extr\u00eames.<\/p>\n","protected":false},"featured_media":3481,"comment_status":"open","ping_status":"closed","template":"","meta":[],"etheme_brands":[],"product_brand":[],"product_cat":[31],"product_tag":[66],"class_list":{"0":"post-3637","1":"product","2":"type-product","3":"status-publish","4":"has-post-thumbnail","6":"product_cat-capteur","7":"product_tag-capteur-de-mouvement","9":"first","10":"instock","11":"shipping-taxable","12":"purchasable","13":"product-type-simple"},"jetpack_sharing_enabled":true,"_links":{"self":[{"href":"https:\/\/thiesinnovationcenter.sn\/index.php?rest_route=\/wp\/v2\/product\/3637","targetHints":{"allow":["GET"]}}],"collection":[{"href":"https:\/\/thiesinnovationcenter.sn\/index.php?rest_route=\/wp\/v2\/product"}],"about":[{"href":"https:\/\/thiesinnovationcenter.sn\/index.php?rest_route=\/wp\/v2\/types\/product"}],"replies":[{"embeddable":true,"href":"https:\/\/thiesinnovationcenter.sn\/index.php?rest_route=%2Fwp%2Fv2%2Fcomments&post=3637"}],"version-history":[{"count":1,"href":"https:\/\/thiesinnovationcenter.sn\/index.php?rest_route=\/wp\/v2\/product\/3637\/revisions"}],"predecessor-version":[{"id":3638,"href":"https:\/\/thiesinnovationcenter.sn\/index.php?rest_route=\/wp\/v2\/product\/3637\/revisions\/3638"}],"wp:featuredmedia":[{"embeddable":true,"href":"https:\/\/thiesinnovationcenter.sn\/index.php?rest_route=\/wp\/v2\/media\/3481"}],"wp:attachment":[{"href":"https:\/\/thiesinnovationcenter.sn\/index.php?rest_route=%2Fwp%2Fv2%2Fmedia&parent=3637"}],"wp:term":[{"taxonomy":"brand","embeddable":true,"href":"https:\/\/thiesinnovationcenter.sn\/index.php?rest_route=%2Fwp%2Fv2%2Fetheme_brands&post=3637"},{"taxonomy":"product_brand","embeddable":true,"href":"https:\/\/thiesinnovationcenter.sn\/index.php?rest_route=%2Fwp%2Fv2%2Fproduct_brand&post=3637"},{"taxonomy":"product_cat","embeddable":true,"href":"https:\/\/thiesinnovationcenter.sn\/index.php?rest_route=%2Fwp%2Fv2%2Fproduct_cat&post=3637"},{"taxonomy":"product_tag","embeddable":true,"href":"https:\/\/thiesinnovationcenter.sn\/index.php?rest_route=%2Fwp%2Fv2%2Fproduct_tag&post=3637"}],"curies":[{"name":"wp","href":"https:\/\/api.w.org\/{rel}","templated":true}]}}