{"id":3635,"date":"2025-03-26T22:58:50","date_gmt":"2025-03-26T22:58:50","guid":{"rendered":"https:\/\/thiesinnovationcenter.sn\/?post_type=product&#038;p=3635"},"modified":"2025-03-30T01:46:09","modified_gmt":"2025-03-30T01:46:09","slug":"mini-capteur-de-mouvement-infrarouge-pir-am312","status":"publish","type":"product","link":"https:\/\/thiesinnovationcenter.sn\/?product=mini-capteur-de-mouvement-infrarouge-pir-am312","title":{"rendered":"Mini capteur de mouvement infrarouge PIR AM312"},"content":{"rendered":"<p>Caract\u00e9ristiques<br \/>\ndu produit\u00a0:<br \/>\n1. Faible consommation d&rsquo;\u00e9nergie, petite taille, installation facile.<br \/>\n2. Traitement interne du signal num\u00e9rique, forte interf\u00e9rence.<br \/>\n3. Haute sensibilit\u00e9, fiabilit\u00e9 et large utilisation dans les circuits de d\u00e9tection automatique.<br \/>\n4. Mode de d\u00e9clenchement r\u00e9p\u00e9table\u00a0: une fois la sortie d&rsquo;induction \u00e9lev\u00e9e, pendant la temporisation, si le corps se trouve dans sa zone d&rsquo;induction, la sortie reste \u00e9lev\u00e9e jusqu&rsquo;\u00e0 ce que le niveau bas soit atteint. (Le module de d\u00e9tection d\u00e9tecte automatiquement une temporisation apr\u00e8s chaque activit\u00e9 du corps humain et prend la derni\u00e8re activit\u00e9 comme point de d\u00e9part du d\u00e9lai.) Param\u00e8tres<br \/>\ntechniques\u00a0:<br \/>\nTension de fonctionnement\u00a0: 2,7-12\u00a0V CC\u00a0;<br \/>\n&lt;\u00a00,1\u00a0mA\u00a0;<br \/>\nTemporisation\u00a0: 2\u00a0s\u00a0; Temps de<br \/>\nblocage\u00a0: 2\u00a0s\u00a0;<br \/>\nMode de d\u00e9clenchement\u00a0: r\u00e9p\u00e9table\u00a0;<br \/>\nPort\u00e9e\u00a0: angle conique de 100\u00a0degr\u00e9s, 3-5\u00a0m\u00e8tres\u00a0; (selon l&rsquo;objectif sp\u00e9cifique) .<br \/>\nTemp\u00e9rature de fonctionnement\u00a0: -20\u00a0\u00b0C \u00e0 +60\u00a0\u00b0C.<br \/>\nDimensions du circuit imprim\u00e9\u00a0: 10\u00a0mm x 8\u00a0mm.<br \/>\nLentille du module\u00a0: petite lentille.<\/p>\n","protected":false},"excerpt":{"rendered":"<p>Caract\u00e9ristiques du produit\u00a0: 1. Faible consommation d&rsquo;\u00e9nergie, petite taille, installation facile. 2. Traitement interne du signal num\u00e9rique, forte interf\u00e9rence. 3. Haute sensibilit\u00e9, fiabilit\u00e9 et large&#8230;<\/p>\n","protected":false},"featured_media":3573,"comment_status":"open","ping_status":"closed","template":"","meta":[],"etheme_brands":[],"product_brand":[],"product_cat":[31],"product_tag":[65],"class_list":{"0":"post-3635","1":"product","2":"type-product","3":"status-publish","4":"has-post-thumbnail","6":"product_cat-capteur","7":"product_tag-capteurs","9":"first","10":"instock","11":"shipping-taxable","12":"purchasable","13":"product-type-simple"},"jetpack_sharing_enabled":true,"_links":{"self":[{"href":"https:\/\/thiesinnovationcenter.sn\/index.php?rest_route=\/wp\/v2\/product\/3635","targetHints":{"allow":["GET"]}}],"collection":[{"href":"https:\/\/thiesinnovationcenter.sn\/index.php?rest_route=\/wp\/v2\/product"}],"about":[{"href":"https:\/\/thiesinnovationcenter.sn\/index.php?rest_route=\/wp\/v2\/types\/product"}],"replies":[{"embeddable":true,"href":"https:\/\/thiesinnovationcenter.sn\/index.php?rest_route=%2Fwp%2Fv2%2Fcomments&post=3635"}],"version-history":[{"count":1,"href":"https:\/\/thiesinnovationcenter.sn\/index.php?rest_route=\/wp\/v2\/product\/3635\/revisions"}],"predecessor-version":[{"id":3636,"href":"https:\/\/thiesinnovationcenter.sn\/index.php?rest_route=\/wp\/v2\/product\/3635\/revisions\/3636"}],"wp:featuredmedia":[{"embeddable":true,"href":"https:\/\/thiesinnovationcenter.sn\/index.php?rest_route=\/wp\/v2\/media\/3573"}],"wp:attachment":[{"href":"https:\/\/thiesinnovationcenter.sn\/index.php?rest_route=%2Fwp%2Fv2%2Fmedia&parent=3635"}],"wp:term":[{"taxonomy":"brand","embeddable":true,"href":"https:\/\/thiesinnovationcenter.sn\/index.php?rest_route=%2Fwp%2Fv2%2Fetheme_brands&post=3635"},{"taxonomy":"product_brand","embeddable":true,"href":"https:\/\/thiesinnovationcenter.sn\/index.php?rest_route=%2Fwp%2Fv2%2Fproduct_brand&post=3635"},{"taxonomy":"product_cat","embeddable":true,"href":"https:\/\/thiesinnovationcenter.sn\/index.php?rest_route=%2Fwp%2Fv2%2Fproduct_cat&post=3635"},{"taxonomy":"product_tag","embeddable":true,"href":"https:\/\/thiesinnovationcenter.sn\/index.php?rest_route=%2Fwp%2Fv2%2Fproduct_tag&post=3635"}],"curies":[{"name":"wp","href":"https:\/\/api.w.org\/{rel}","templated":true}]}}