{"id":3626,"date":"2025-03-26T22:06:11","date_gmt":"2025-03-26T22:06:11","guid":{"rendered":"https:\/\/thiesinnovationcenter.sn\/?post_type=product&#038;p=3626"},"modified":"2025-04-06T16:18:43","modified_gmt":"2025-04-06T16:18:43","slug":"capteur-numerique-de-temperature-et-dhumidite-a-bus-unique-dht22","status":"publish","type":"product","link":"https:\/\/thiesinnovationcenter.sn\/?product=capteur-numerique-de-temperature-et-dhumidite-a-bus-unique-dht22","title":{"rendered":"Capteur num\u00e9rique de temp\u00e9rature et d&rsquo;humidit\u00e9 \u00e0 bus unique DHT22"},"content":{"rendered":"<ul>\n<li>Puce principale : Capteur d&rsquo;humidit\u00e9 et de temp\u00e9rature haute sensibilit\u00e9 AOSONG AM2302<\/li>\n<li>Sortie de signal num\u00e9rique \u00e0 bus unique, donn\u00e9es s\u00e9rie bidirectionnelles<\/li>\n<li>Avec trou de vis de fixation, pratique \u00e0 installer et \u00e0 fixer<\/li>\n<li>Plage de temp\u00e9rature : -40 \u00e0 80 degr\u00e9s Celsius, Pr\u00e9cision de mesure de la temp\u00e9rature : +\/- 0,5 \u2103 degr\u00e9 Celsius<\/li>\n<li>Plage de mesure de l&rsquo;humidit\u00e9 : 0~100 % HR, Pr\u00e9cision de mesure de l&rsquo;humidit\u00e9 : \u00b1 2 % HR<\/li>\n<\/ul>\n","protected":false},"excerpt":{"rendered":"<p>C&rsquo;est le grand fr\u00e8re du DHT11 et beaucoup plus pr\u00e9cis. Le capteur mesure \u00e0 la fois la temp\u00e9rature et l&rsquo;humidit\u00e9.<\/p>\n","protected":false},"featured_media":3624,"comment_status":"open","ping_status":"closed","template":"","meta":[],"etheme_brands":[],"product_brand":[],"product_cat":[31],"product_tag":[],"class_list":{"0":"post-3626","1":"product","2":"type-product","3":"status-publish","4":"has-post-thumbnail","6":"product_cat-capteur","8":"first","9":"instock","10":"shipping-taxable","11":"purchasable","12":"product-type-simple"},"jetpack_sharing_enabled":true,"_links":{"self":[{"href":"https:\/\/thiesinnovationcenter.sn\/index.php?rest_route=\/wp\/v2\/product\/3626","targetHints":{"allow":["GET"]}}],"collection":[{"href":"https:\/\/thiesinnovationcenter.sn\/index.php?rest_route=\/wp\/v2\/product"}],"about":[{"href":"https:\/\/thiesinnovationcenter.sn\/index.php?rest_route=\/wp\/v2\/types\/product"}],"replies":[{"embeddable":true,"href":"https:\/\/thiesinnovationcenter.sn\/index.php?rest_route=%2Fwp%2Fv2%2Fcomments&post=3626"}],"version-history":[{"count":2,"href":"https:\/\/thiesinnovationcenter.sn\/index.php?rest_route=\/wp\/v2\/product\/3626\/revisions"}],"predecessor-version":[{"id":3891,"href":"https:\/\/thiesinnovationcenter.sn\/index.php?rest_route=\/wp\/v2\/product\/3626\/revisions\/3891"}],"wp:featuredmedia":[{"embeddable":true,"href":"https:\/\/thiesinnovationcenter.sn\/index.php?rest_route=\/wp\/v2\/media\/3624"}],"wp:attachment":[{"href":"https:\/\/thiesinnovationcenter.sn\/index.php?rest_route=%2Fwp%2Fv2%2Fmedia&parent=3626"}],"wp:term":[{"taxonomy":"brand","embeddable":true,"href":"https:\/\/thiesinnovationcenter.sn\/index.php?rest_route=%2Fwp%2Fv2%2Fetheme_brands&post=3626"},{"taxonomy":"product_brand","embeddable":true,"href":"https:\/\/thiesinnovationcenter.sn\/index.php?rest_route=%2Fwp%2Fv2%2Fproduct_brand&post=3626"},{"taxonomy":"product_cat","embeddable":true,"href":"https:\/\/thiesinnovationcenter.sn\/index.php?rest_route=%2Fwp%2Fv2%2Fproduct_cat&post=3626"},{"taxonomy":"product_tag","embeddable":true,"href":"https:\/\/thiesinnovationcenter.sn\/index.php?rest_route=%2Fwp%2Fv2%2Fproduct_tag&post=3626"}],"curies":[{"name":"wp","href":"https:\/\/api.w.org\/{rel}","templated":true}]}}