{"id":3598,"date":"2025-03-26T20:35:38","date_gmt":"2025-03-26T20:35:38","guid":{"rendered":"https:\/\/thiesinnovationcenter.sn\/?post_type=product&#038;p=3598"},"modified":"2025-03-27T19:07:17","modified_gmt":"2025-03-27T19:07:17","slug":"module-esp32-cam","status":"publish","type":"product","link":"https:\/\/thiesinnovationcenter.sn\/?product=module-esp32-cam","title":{"rendered":"Module ESP32-CAM"},"content":{"rendered":"<p>Le module de cam\u00e9ra OV2640 contient un capteur d&rsquo;image CMOS UXGA 1\/4&Prime; (1632 x 1232 pixels). Il est de tr\u00e8s petite taille et a une faible tension de fonctionnement de 1,7 \u00e0 3,3\u00a0V.<\/p>\n<p><strong>Caract\u00e9ristiques\u00a0:<\/strong><\/p>\n<ul>\n<li>Ultra-petit 802.11b\/ g \/n Wifi + module SoC BT\/BLE<\/li>\n<li>CPU 32 bits double c\u0153ur basse consommation pour processeurs d&rsquo;application<\/li>\n<li>Jusqu&rsquo;\u00e0 240 MHz, jusqu&rsquo;\u00e0 600 DMIPS<\/li>\n<li>SRAM 520\u00a0Ko int\u00e9gr\u00e9e, PSRAM externe 4\u00a0M<\/li>\n<li>Prend en charge les interfaces telles que UART\/SPI\/I2C\/PWM\/ADC\/DAC<\/li>\n<li>Prend en charge les cam\u00e9ras OV2640 et OV7670 avec flash<\/li>\n<li>Prend en charge le t\u00e9l\u00e9chargement d&rsquo;images WiFI<\/li>\n<li>Prend en charge la carte TF<\/li>\n<li>Prend en charge plusieurs modes de veille<\/li>\n<li>Lwip et FreeRTOS int\u00e9gr\u00e9s<\/li>\n<li>Prend en charge le mode de fonctionnement STA\/AP\/STA+AP<\/li>\n<li>Prend en charge le r\u00e9seau de distribution en un clic Smart Config\/AirKiss<\/li>\n<li>Prend en charge la mise \u00e0 niveau locale s\u00e9rie et la mise \u00e0 niveau du micrologiciel \u00e0 distance (FOTA)<\/li>\n<\/ul>\n<p>ATTENTION, ce module ne dispose pas de connexion USB. Un s\u00e9par\u00e9 est n\u00e9cessaire pour pouvoir le programmer .<\/p>\n","protected":false},"excerpt":{"rendered":"<p>Module IoT ESP32-CAM d\u2019AI Thinker bas\u00e9 sur un ESP32 proposant une interface WiFi associ\u00e9e \u00e0 une cam\u00e9ra miniature. Cet ensemble est id\u00e9al pour la cr\u00e9ation de projets miniatures connect\u00e9s n\u00e9cessitant une capture vid\u00e9o ou photo<\/p>\n","protected":false},"featured_media":3502,"comment_status":"open","ping_status":"closed","template":"","meta":[],"etheme_brands":[],"product_brand":[],"product_cat":[41],"product_tag":[],"class_list":{"0":"post-3598","1":"product","2":"type-product","3":"status-publish","4":"has-post-thumbnail","6":"product_cat-module","8":"first","9":"instock","10":"shipping-taxable","11":"purchasable","12":"product-type-simple"},"jetpack_sharing_enabled":true,"_links":{"self":[{"href":"https:\/\/thiesinnovationcenter.sn\/index.php?rest_route=\/wp\/v2\/product\/3598","targetHints":{"allow":["GET"]}}],"collection":[{"href":"https:\/\/thiesinnovationcenter.sn\/index.php?rest_route=\/wp\/v2\/product"}],"about":[{"href":"https:\/\/thiesinnovationcenter.sn\/index.php?rest_route=\/wp\/v2\/types\/product"}],"replies":[{"embeddable":true,"href":"https:\/\/thiesinnovationcenter.sn\/index.php?rest_route=%2Fwp%2Fv2%2Fcomments&post=3598"}],"version-history":[{"count":2,"href":"https:\/\/thiesinnovationcenter.sn\/index.php?rest_route=\/wp\/v2\/product\/3598\/revisions"}],"predecessor-version":[{"id":3734,"href":"https:\/\/thiesinnovationcenter.sn\/index.php?rest_route=\/wp\/v2\/product\/3598\/revisions\/3734"}],"wp:featuredmedia":[{"embeddable":true,"href":"https:\/\/thiesinnovationcenter.sn\/index.php?rest_route=\/wp\/v2\/media\/3502"}],"wp:attachment":[{"href":"https:\/\/thiesinnovationcenter.sn\/index.php?rest_route=%2Fwp%2Fv2%2Fmedia&parent=3598"}],"wp:term":[{"taxonomy":"brand","embeddable":true,"href":"https:\/\/thiesinnovationcenter.sn\/index.php?rest_route=%2Fwp%2Fv2%2Fetheme_brands&post=3598"},{"taxonomy":"product_brand","embeddable":true,"href":"https:\/\/thiesinnovationcenter.sn\/index.php?rest_route=%2Fwp%2Fv2%2Fproduct_brand&post=3598"},{"taxonomy":"product_cat","embeddable":true,"href":"https:\/\/thiesinnovationcenter.sn\/index.php?rest_route=%2Fwp%2Fv2%2Fproduct_cat&post=3598"},{"taxonomy":"product_tag","embeddable":true,"href":"https:\/\/thiesinnovationcenter.sn\/index.php?rest_route=%2Fwp%2Fv2%2Fproduct_tag&post=3598"}],"curies":[{"name":"wp","href":"https:\/\/api.w.org\/{rel}","templated":true}]}}