{"id":3492,"date":"2025-03-26T20:17:13","date_gmt":"2025-03-26T20:17:13","guid":{"rendered":"https:\/\/thiesinnovationcenter.sn\/?post_type=product&#038;p=3492"},"modified":"2025-04-13T20:42:41","modified_gmt":"2025-04-13T20:42:41","slug":"kit-arduino","status":"publish","type":"product","link":"https:\/\/thiesinnovationcenter.sn\/?product=kit-arduino","title":{"rendered":"kit Arduino"},"content":{"rendered":"<p>&nbsp;<\/p>\n<div dir=\"auto\">Liste des composants du kit arduino<\/div>\n<div dir=\"auto\">1.1602 I2C 1602 a remplac\u00e9 l&rsquo;\u00e9cran pour le contr\u00f4ler plus pratique,<\/div>\n<div dir=\"auto\">2. nouveau module RFID et porte-cl\u00e9s RFID et carte blanche,<\/div>\n<div dir=\"auto\">3. ajout du module d&rsquo;horloge DS1302,<\/div>\n<div dir=\"auto\">4. nouveau du module de d\u00e9tection sonore,<\/div>\n<div dir=\"auto\">5. nouveau module de temp\u00e9rature et d&rsquo;humidit\u00e9,<\/div>\n<div dir=\"auto\">6. nouveau module de d\u00e9tection du niveau d&rsquo;eau,<\/div>\n<div dir=\"auto\">7. ajout du module de clavier 4*4<\/div>\n<div dir=\"auto\">8. nouveau du module matriciel 8*8<\/div>\n<div dir=\"auto\">Emballage Inclus:<\/div>\n<div dir=\"auto\">1 X UNO Conseil<\/div>\n<div dir=\"auto\">1 X C\u00e2ble USB<\/div>\n<div dir=\"auto\">1 X C\u00e2ble de Saut<\/div>\n<div dir=\"auto\">1 X platine de prototypage<\/div>\n<div dir=\"auto\">5 X lumi\u00e8re LED<\/div>\n<div dir=\"auto\">1 paquet de R\u00e9sistance<\/div>\n<div dir=\"auto\">1 X ligne de dupond femelle \u00e0 m\u00e2le<\/div>\n<div dir=\"auto\">1 X Potentiom\u00e8tre<\/div>\n<div dir=\"auto\">1 X Buzzer<\/div>\n<div dir=\"auto\">1X74HC595<\/div>\n<div dir=\"auto\">1 X r\u00e9cepteur Infrarouge<\/div>\n<div dir=\"auto\">1 X LM35<\/div>\n<div dir=\"auto\">1 X Capteur De Flamme<\/div>\n<div dir=\"auto\">1 X Interrupteur \u00c0 Bille<\/div>\n<div dir=\"auto\">1 X Photor\u00e9sistance<\/div>\n<div dir=\"auto\">1 X bouton Cl\u00e9<\/div>\n<div dir=\"auto\">1 X t\u00e9l\u00e9commande<\/div>\n<div dir=\"auto\">1 X tube d&rsquo;affichage \u00e0 4 chiffres<\/div>\n<div dir=\"auto\">1X8*8 module matriciel<\/div>\n<div dir=\"auto\">1 X tube d&rsquo;affichage \u00e0 1 chiffre<\/div>\n<div dir=\"auto\">1 X carte pilote de moteur pas \u00e0 pas<\/div>\n<div dir=\"auto\">1 X moteur pas \u00e0 pas<\/div>\n<div dir=\"auto\">1X9g Servo<\/div>\n<div dir=\"auto\">1 X LCD IIC 1602<\/div>\n<div dir=\"auto\">1 X module de joystick XY<\/div>\n<div dir=\"auto\">1 X module De Temp\u00e9rature<\/div>\n<div dir=\"auto\">1 X module d&rsquo;essai de l&rsquo;eau<\/div>\n<div dir=\"auto\">1 X RFID Module<\/div>\n<div dir=\"auto\">1 X RFID porte-cl\u00e9s<\/div>\n<div dir=\"auto\">1 X carte blanche RFID<\/div>\n<div dir=\"auto\">1 X Module Sonore<\/div>\n<div dir=\"auto\">1 X Module Relais<\/div>\n<div dir=\"auto\">1 X Module D&rsquo;horloge<\/div>\n<div dir=\"auto\">1X4*4 tableau de cl\u00e9s<\/div>\n<div dir=\"auto\">1 X module de couleur rvb 3<\/div>\n<div dir=\"auto\">1X9 V batterie Snap<\/div>\n<div dir=\"auto\">1XVentillo<\/div>\n","protected":false},"excerpt":{"rendered":"<h5 title=\"pour Arduinos UNO R3 Pack de composants Projet DIY Kit de d\u00e9marrage Electronique Avec 830 points de connexion Plaque \u00e0 pain Avec bo\u00eete\" data-spm-anchor-id=\"a2700.details.0.i69.bfe1263apLrJ7o\">Kit Arduino UNO R3 Pack de composants Projet DIY Kit de d\u00e9marrage Electronique Avec 830 points de connexion Plaque \u00e0 pain Avec bo\u00eete<\/h5>\n","protected":false},"featured_media":3522,"comment_status":"open","ping_status":"closed","template":"","meta":[],"etheme_brands":[],"product_brand":[],"product_cat":[39],"product_tag":[],"class_list":{"0":"post-3492","1":"product","2":"type-product","3":"status-publish","4":"has-post-thumbnail","6":"product_cat-kit-arduino","8":"first","9":"instock","10":"shipping-taxable","11":"purchasable","12":"product-type-simple"},"jetpack_sharing_enabled":true,"_links":{"self":[{"href":"https:\/\/thiesinnovationcenter.sn\/index.php?rest_route=\/wp\/v2\/product\/3492","targetHints":{"allow":["GET"]}}],"collection":[{"href":"https:\/\/thiesinnovationcenter.sn\/index.php?rest_route=\/wp\/v2\/product"}],"about":[{"href":"https:\/\/thiesinnovationcenter.sn\/index.php?rest_route=\/wp\/v2\/types\/product"}],"replies":[{"embeddable":true,"href":"https:\/\/thiesinnovationcenter.sn\/index.php?rest_route=%2Fwp%2Fv2%2Fcomments&post=3492"}],"version-history":[{"count":1,"href":"https:\/\/thiesinnovationcenter.sn\/index.php?rest_route=\/wp\/v2\/product\/3492\/revisions"}],"predecessor-version":[{"id":3597,"href":"https:\/\/thiesinnovationcenter.sn\/index.php?rest_route=\/wp\/v2\/product\/3492\/revisions\/3597"}],"wp:featuredmedia":[{"embeddable":true,"href":"https:\/\/thiesinnovationcenter.sn\/index.php?rest_route=\/wp\/v2\/media\/3522"}],"wp:attachment":[{"href":"https:\/\/thiesinnovationcenter.sn\/index.php?rest_route=%2Fwp%2Fv2%2Fmedia&parent=3492"}],"wp:term":[{"taxonomy":"brand","embeddable":true,"href":"https:\/\/thiesinnovationcenter.sn\/index.php?rest_route=%2Fwp%2Fv2%2Fetheme_brands&post=3492"},{"taxonomy":"product_brand","embeddable":true,"href":"https:\/\/thiesinnovationcenter.sn\/index.php?rest_route=%2Fwp%2Fv2%2Fproduct_brand&post=3492"},{"taxonomy":"product_cat","embeddable":true,"href":"https:\/\/thiesinnovationcenter.sn\/index.php?rest_route=%2Fwp%2Fv2%2Fproduct_cat&post=3492"},{"taxonomy":"product_tag","embeddable":true,"href":"https:\/\/thiesinnovationcenter.sn\/index.php?rest_route=%2Fwp%2Fv2%2Fproduct_tag&post=3492"}],"curies":[{"name":"wp","href":"https:\/\/api.w.org\/{rel}","templated":true}]}}