{"id":35,"date":"2023-11-07T13:45:41","date_gmt":"2023-11-07T13:45:41","guid":{"rendered":"https:\/\/xstore.8theme.com\/elementor3\/electronic-mega-market\/?page_id=35"},"modified":"2025-03-29T00:26:54","modified_gmt":"2025-03-29T00:26:54","slug":"about-us","status":"publish","type":"page","link":"https:\/\/thiesinnovationcenter.sn\/?page_id=35","title":{"rendered":"About us"},"content":{"rendered":"\t\t<div data-elementor-type=\"wp-page\" data-elementor-id=\"35\" class=\"elementor elementor-35\">\n\t\t\t\t\t\t<section class=\"elementor-section elementor-top-section elementor-element elementor-element-2052525 elementor-section-boxed elementor-section-height-default elementor-section-height-default\" data-id=\"2052525\" data-element_type=\"section\" data-settings=\"{&quot;background_background&quot;:&quot;classic&quot;}\">\n\t\t\t\t\t\t<div class=\"elementor-container elementor-column-gap-default\">\n\t\t\t\t\t<div class=\"elementor-column elementor-col-100 elementor-top-column elementor-element elementor-element-641d12a\" data-id=\"641d12a\" data-element_type=\"column\">\n\t\t\t<div class=\"elementor-widget-wrap elementor-element-populated\">\n\t\t\t\t\t\t<div class=\"elementor-element elementor-element-eec1a4e elementor-widget elementor-widget-heading\" data-id=\"eec1a4e\" data-element_type=\"widget\" data-widget_type=\"heading.default\">\n\t\t\t\t<div class=\"elementor-widget-container\">\n\t\t\t\t\t<h2 class=\"elementor-heading-title elementor-size-default\">Thies Innovation Center \u2014 Maximum Opportunities<\/h2>\t\t\t\t<\/div>\n\t\t\t\t<\/div>\n\t\t\t\t<div class=\"elementor-element elementor-element-0ab1fb6 elementor-hidden-mobile elementor-widget elementor-widget-text-editor\" data-id=\"0ab1fb6\" data-element_type=\"widget\" data-widget_type=\"text-editor.default\">\n\t\t\t\t<div class=\"elementor-widget-container\">\n\t\t\t\t\t\t\t\t\t<p data-pm-slice=\"1 1 []\">Thies Innovation Center est la boutique de r\u00e9f\u00e9rence pour la vente de composants \u00e9lectroniques au S\u00e9n\u00e9gal. Son format moderne et son service client instantan\u00e9 lui ont permis de gagner rapidement la confiance des amateurs et professionnels de l&rsquo;\u00e9lectronique.<\/p>\t\t\t\t\t\t\t\t<\/div>\n\t\t\t\t<\/div>\n\t\t\t\t<div class=\"elementor-element elementor-element-db4d8f5 elementor-widget elementor-widget-text-editor\" data-id=\"db4d8f5\" data-element_type=\"widget\" data-widget_type=\"text-editor.default\">\n\t\t\t\t<div class=\"elementor-widget-container\">\n\t\t\t\t\t\t\t\t\t<p data-pm-slice=\"1 1 []\">Pour chaque client, nous avons mis en place une plateforme en ligne intuitive qui permet de r\u00e9server et retirer en magasin ou de b\u00e9n\u00e9ficier d&rsquo;une livraison partout au S\u00e9n\u00e9gal.<\/p>\t\t\t\t\t\t\t\t<\/div>\n\t\t\t\t<\/div>\n\t\t\t\t\t<\/div>\n\t\t<\/div>\n\t\t\t\t\t<\/div>\n\t\t<\/section>\n\t\t\t\t<section class=\"elementor-section elementor-top-section elementor-element elementor-element-df35be5 elementor-section-stretched elementor-section-boxed elementor-section-height-default elementor-section-height-default\" data-id=\"df35be5\" data-element_type=\"section\" data-settings=\"{&quot;stretch_section&quot;:&quot;section-stretched&quot;}\">\n\t\t\t\t\t\t<div class=\"elementor-container elementor-column-gap-custom\">\n\t\t\t\t\t<div class=\"elementor-column elementor-col-100 elementor-top-column elementor-element elementor-element-cffc5a0\" data-id=\"cffc5a0\" data-element_type=\"column\">\n\t\t\t<div class=\"elementor-widget-wrap elementor-element-populated\">\n\t\t\t\t\t\t<div class=\"elementor-element elementor-element-32562da elementor-widget elementor-widget-heading\" data-id=\"32562da\" data-element_type=\"widget\" data-widget_type=\"heading.default\">\n\t\t\t\t<div class=\"elementor-widget-container\">\n\t\t\t\t\t<h2 class=\"elementor-heading-title elementor-size-default\">Une Gamme Compl\u00e8te de Services chez Thies Innovation Center<\/h2>\t\t\t\t<\/div>\n\t\t\t\t<\/div>\n\t\t\t\t<section class=\"elementor-section elementor-inner-section elementor-element elementor-element-42fd79f elementor-section-boxed elementor-section-height-default elementor-section-height-default\" data-id=\"42fd79f\" data-element_type=\"section\">\n\t\t\t\t\t\t<div class=\"elementor-container elementor-column-gap-custom\">\n\t\t\t\t\t<div class=\"elementor-column elementor-col-25 elementor-inner-column elementor-element elementor-element-3f301ae\" data-id=\"3f301ae\" data-element_type=\"column\">\n\t\t\t<div class=\"elementor-widget-wrap elementor-element-populated\">\n\t\t\t\t\t\t<div class=\"elementor-element elementor-element-a9848ba elementor-invisible elementor-widget elementor-widget-etheme_icon_box\" data-id=\"a9848ba\" data-element_type=\"widget\" data-settings=\"{&quot;_animation&quot;:&quot;fadeInUp&quot;}\" data-widget_type=\"etheme_icon_box.default\">\n\t\t\t\t<div class=\"elementor-widget-container\">\n\t\t\t\t\t\t\t\t<div class=\"etheme-icon-box etheme-icon-box-icon-position-left\">\r\n        \r\n                            \r\n                <div class=\"etheme-icon-box-icon etheme-icon-box-icon-type-icon\">\r\n        \r\n                <i aria-hidden=\"true\" class=\"et-icon et-checked\"><\/i>        \r\n                <\/div>\r\n            \r\n                <div class=\"etheme-icon-box-content\">\r\n\t\t\r\n                                        \r\n                                            <h3 class=\"etheme-icon-box-title\">\r\n                            <span>Un large r\u00e9seau de points de vente<\/span>\r\n                        <\/h3>\r\n                    \t\t\r\n                                            <p class=\"etheme-icon-box-description\">\r\n                            Acc\u00e8s libre aux produits, espaces interactifs pour tester les composants, d\u00e9monstrations pratiques - tout est mis en place pour explorer et comprendre chaque \u00e9l\u00e9ment en d\u00e9tail.                        <\/p>\r\n                    \r\n                            \r\n                <\/div>\r\n\t\t\t<\/div>\r\n\t\t\t\t\t\t<\/div>\n\t\t\t\t<\/div>\n\t\t\t\t\t<\/div>\n\t\t<\/div>\n\t\t\t\t<div class=\"elementor-column elementor-col-25 elementor-inner-column elementor-element elementor-element-47ae749\" data-id=\"47ae749\" data-element_type=\"column\">\n\t\t\t<div class=\"elementor-widget-wrap elementor-element-populated\">\n\t\t\t\t\t\t<div class=\"elementor-element elementor-element-9629892 elementor-invisible elementor-widget elementor-widget-etheme_icon_box\" data-id=\"9629892\" data-element_type=\"widget\" data-settings=\"{&quot;_animation&quot;:&quot;fadeInUp&quot;,&quot;_animation_delay&quot;:10}\" data-widget_type=\"etheme_icon_box.default\">\n\t\t\t\t<div class=\"elementor-widget-container\">\n\t\t\t\t\t\t\t\t<div class=\"etheme-icon-box etheme-icon-box-icon-position-left\">\r\n        \r\n                            \r\n                <div class=\"etheme-icon-box-icon etheme-icon-box-icon-type-icon\">\r\n        \r\n                <i aria-hidden=\"true\" class=\"et-icon et-checked\"><\/i>        \r\n                <\/div>\r\n            \r\n                <div class=\"etheme-icon-box-content\">\r\n\t\t\r\n                                        \r\n                                            <h3 class=\"etheme-icon-box-title\">\r\n                            <span>Site web pratique et service de livraison<\/span>\r\n                        <\/h3>\r\n                    \t\t\r\n                                            <p class=\"etheme-icon-box-description\">\r\n                            Recherche intuitive, photos d\u00e9taill\u00e9es, descriptions compl\u00e8tes et caract\u00e9ristiques techniques - pour une exp\u00e9rience d'achat en ligne agr\u00e9able et efficace.                        <\/p>\r\n                    \r\n                            \r\n                <\/div>\r\n\t\t\t<\/div>\r\n\t\t\t\t\t\t<\/div>\n\t\t\t\t<\/div>\n\t\t\t\t\t<\/div>\n\t\t<\/div>\n\t\t\t\t<div class=\"elementor-column elementor-col-25 elementor-inner-column elementor-element elementor-element-3eee0c3\" data-id=\"3eee0c3\" data-element_type=\"column\">\n\t\t\t<div class=\"elementor-widget-wrap elementor-element-populated\">\n\t\t\t\t\t\t<div class=\"elementor-element elementor-element-e4669b6 elementor-invisible elementor-widget elementor-widget-etheme_icon_box\" data-id=\"e4669b6\" data-element_type=\"widget\" data-settings=\"{&quot;_animation&quot;:&quot;fadeInUp&quot;,&quot;_animation_delay&quot;:20}\" data-widget_type=\"etheme_icon_box.default\">\n\t\t\t\t<div class=\"elementor-widget-container\">\n\t\t\t\t\t\t\t\t<div class=\"etheme-icon-box etheme-icon-box-icon-position-left\">\r\n        \r\n                            \r\n                <div class=\"etheme-icon-box-icon etheme-icon-box-icon-type-icon\">\r\n        \r\n                <i aria-hidden=\"true\" class=\"et-icon et-checked\"><\/i>        \r\n                <\/div>\r\n            \r\n                <div class=\"etheme-icon-box-content\">\r\n\t\t\r\n                                        \r\n                                            <h3 class=\"etheme-icon-box-title\">\r\n                            <span>Centres de service agr\u00e9\u00e9s<\/span>\r\n                        <\/h3>\r\n                    \t\t\r\n                                            <p class=\"etheme-icon-box-description\">\r\n                            Des techniciens qualifi\u00e9s, des pi\u00e8ces d'origine et une garantie sur les r\u00e9parations - nous savons comment remettre vos dispositifs en \u00e9tat de fonctionnement.                        <\/p>\r\n                    \r\n                            \r\n                <\/div>\r\n\t\t\t<\/div>\r\n\t\t\t\t\t\t<\/div>\n\t\t\t\t<\/div>\n\t\t\t\t\t<\/div>\n\t\t<\/div>\n\t\t\t\t<div class=\"elementor-column elementor-col-25 elementor-inner-column elementor-element elementor-element-e1eb853 elementor-hidden-mobile\" data-id=\"e1eb853\" data-element_type=\"column\">\n\t\t\t<div class=\"elementor-widget-wrap elementor-element-populated\">\n\t\t\t\t\t\t<div class=\"elementor-element elementor-element-e981cf5 elementor-invisible elementor-widget elementor-widget-etheme_icon_box\" data-id=\"e981cf5\" data-element_type=\"widget\" data-settings=\"{&quot;_animation&quot;:&quot;fadeInUp&quot;,&quot;_animation_delay&quot;:30}\" data-widget_type=\"etheme_icon_box.default\">\n\t\t\t\t<div class=\"elementor-widget-container\">\n\t\t\t\t\t\t\t\t<div class=\"etheme-icon-box etheme-icon-box-icon-position-left\">\r\n        \r\n                            \r\n                <div class=\"etheme-icon-box-icon etheme-icon-box-icon-type-icon\">\r\n        \r\n                <i aria-hidden=\"true\" class=\"et-icon et-checked\"><\/i>        \r\n                <\/div>\r\n            \r\n                <div class=\"etheme-icon-box-content\">\r\n\t\t\r\n                                        \r\n                                            <h3 class=\"etheme-icon-box-title\">\r\n                            <span>Produits originaux et garantis<\/span>\r\n                        <\/h3>\r\n                    \t\t\r\n                                            <p class=\"etheme-icon-box-description\">\r\n                            Produits originaux et garantis                        <\/p>\r\n                    \r\n                            \r\n                <\/div>\r\n\t\t\t<\/div>\r\n\t\t\t\t\t\t<\/div>\n\t\t\t\t<\/div>\n\t\t\t\t\t<\/div>\n\t\t<\/div>\n\t\t\t\t\t<\/div>\n\t\t<\/section>\n\t\t\t\t\t<\/div>\n\t\t<\/div>\n\t\t\t\t\t<\/div>\n\t\t<\/section>\n\t\t\t\t<section class=\"elementor-section elementor-top-section elementor-element elementor-element-6aed085 elementor-section-content-middle elementor-section-stretched elementor-section-boxed elementor-section-height-default elementor-section-height-default\" data-id=\"6aed085\" data-element_type=\"section\" data-settings=\"{&quot;stretch_section&quot;:&quot;section-stretched&quot;}\">\n\t\t\t\t\t\t<div class=\"elementor-container elementor-column-gap-custom\">\n\t\t\t\t\t<div class=\"elementor-column elementor-col-50 elementor-top-column elementor-element elementor-element-2d442a8\" data-id=\"2d442a8\" data-element_type=\"column\">\n\t\t\t<div class=\"elementor-widget-wrap elementor-element-populated\">\n\t\t\t\t\t\t<div class=\"elementor-element elementor-element-419aaa0 elementor-invisible elementor-widget elementor-widget-image\" data-id=\"419aaa0\" data-element_type=\"widget\" data-settings=\"{&quot;_animation&quot;:&quot;fadeInLeft&quot;}\" data-widget_type=\"image.default\">\n\t\t\t\t<div class=\"elementor-widget-container\">\n\t\t\t\t\t\t\t\t\t\t\t\t\t\t\t<img loading=\"lazy\" loading=\"lazy\" decoding=\"async\" width=\"700\" height=\"700\" src=\"https:\/\/thiesinnovationcenter.sn\/wp-content\/uploads\/2025\/03\/IMG_1925.jpeg\" class=\"attachment-full size-full wp-image-3755\" alt=\"\" srcset=\"https:\/\/thiesinnovationcenter.sn\/wp-content\/uploads\/2025\/03\/IMG_1925.jpeg 700w, https:\/\/thiesinnovationcenter.sn\/wp-content\/uploads\/2025\/03\/IMG_1925-300x300.jpeg 300w, https:\/\/thiesinnovationcenter.sn\/wp-content\/uploads\/2025\/03\/IMG_1925-150x150.jpeg 150w, https:\/\/thiesinnovationcenter.sn\/wp-content\/uploads\/2025\/03\/IMG_1925-600x600.jpeg 600w, https:\/\/thiesinnovationcenter.sn\/wp-content\/uploads\/2025\/03\/IMG_1925-100x100.jpeg 100w, https:\/\/thiesinnovationcenter.sn\/wp-content\/uploads\/2025\/03\/IMG_1925-1x1.jpeg 1w, https:\/\/thiesinnovationcenter.sn\/wp-content\/uploads\/2025\/03\/IMG_1925-10x10.jpeg 10w\" sizes=\"auto, (max-width: 700px) 100vw, 700px\" \/>\t\t\t\t\t\t\t\t\t\t\t\t\t\t\t<\/div>\n\t\t\t\t<\/div>\n\t\t\t\t\t<\/div>\n\t\t<\/div>\n\t\t\t\t<div class=\"elementor-column elementor-col-50 elementor-top-column elementor-element elementor-element-cd8f9d4\" data-id=\"cd8f9d4\" data-element_type=\"column\">\n\t\t\t<div class=\"elementor-widget-wrap elementor-element-populated\">\n\t\t\t\t\t\t<div class=\"elementor-element elementor-element-599c9fa elementor-invisible elementor-widget elementor-widget-heading\" data-id=\"599c9fa\" data-element_type=\"widget\" data-settings=\"{&quot;_animation&quot;:&quot;fadeInRight&quot;}\" data-widget_type=\"heading.default\">\n\t\t\t\t<div class=\"elementor-widget-container\">\n\t\t\t\t\t<h2 class=\"elementor-heading-title elementor-size-default\">Plus de 06 ans au service de nos clients avec un taux de satisfaction de plus de 95%<\/h2>\t\t\t\t<\/div>\n\t\t\t\t<\/div>\n\t\t\t\t<div class=\"elementor-element elementor-element-68f063f elementor-invisible elementor-widget elementor-widget-text-editor\" data-id=\"68f063f\" data-element_type=\"widget\" data-settings=\"{&quot;_animation&quot;:&quot;fadeInRight&quot;}\" data-widget_type=\"text-editor.default\">\n\t\t\t\t<div class=\"elementor-widget-container\">\n\t\t\t\t\t\t\t\t\t<p data-pm-slice=\"1 1 []\">Plus de 06 ans au service de nos clients avec un taux de satisfaction de plus de 95%<\/p>\t\t\t\t\t\t\t\t<\/div>\n\t\t\t\t<\/div>\n\t\t\t\t\t<\/div>\n\t\t<\/div>\n\t\t\t\t\t<\/div>\n\t\t<\/section>\n\t\t\t\t<section class=\"elementor-section elementor-top-section elementor-element elementor-element-a650e42 elementor-section-stretched elementor-section-boxed elementor-section-height-default elementor-section-height-default\" data-id=\"a650e42\" data-element_type=\"section\" data-settings=\"{&quot;stretch_section&quot;:&quot;section-stretched&quot;}\">\n\t\t\t\t\t\t<div class=\"elementor-container elementor-column-gap-custom\">\n\t\t\t\t\t<div class=\"elementor-column elementor-col-100 elementor-top-column elementor-element elementor-element-afbe1d7\" data-id=\"afbe1d7\" data-element_type=\"column\">\n\t\t\t<div class=\"elementor-widget-wrap elementor-element-populated\">\n\t\t\t\t\t\t<div class=\"elementor-element elementor-element-c15d739 elementor-invisible elementor-widget elementor-widget-heading\" data-id=\"c15d739\" data-element_type=\"widget\" data-settings=\"{&quot;_animation&quot;:&quot;fadeInUp&quot;}\" data-widget_type=\"heading.default\">\n\t\t\t\t<div class=\"elementor-widget-container\">\n\t\t\t\t\t<h2 class=\"elementor-heading-title elementor-size-default\">Nos R\u00e9alisations<\/h2>\t\t\t\t<\/div>\n\t\t\t\t<\/div>\n\t\t\t\t<section class=\"elementor-section elementor-inner-section elementor-element elementor-element-7be35c2 elementor-section-boxed elementor-section-height-default elementor-section-height-default\" data-id=\"7be35c2\" data-element_type=\"section\">\n\t\t\t\t\t\t<div class=\"elementor-container elementor-column-gap-extended\">\n\t\t\t\t\t<div class=\"elementor-column elementor-col-25 elementor-inner-column elementor-element elementor-element-7b75ed7\" data-id=\"7b75ed7\" data-element_type=\"column\">\n\t\t\t<div class=\"elementor-widget-wrap elementor-element-populated\">\n\t\t\t\t\t\t<div class=\"elementor-element elementor-element-9d08d0c elementor-invisible elementor-widget elementor-widget-counter\" data-id=\"9d08d0c\" data-element_type=\"widget\" data-settings=\"{&quot;_animation&quot;:&quot;fadeInUp&quot;}\" data-widget_type=\"counter.default\">\n\t\t\t\t<div class=\"elementor-widget-container\">\n\t\t\t\t\t\t\t<div class=\"elementor-counter\">\n\t\t\t<div class=\"elementor-counter-title\">Produits vendus \u00e0 ce jour sur toutes les plateformes<\/div>\t\t\t<div class=\"elementor-counter-number-wrapper\">\n\t\t\t\t<span class=\"elementor-counter-number-prefix\"><\/span>\n\t\t\t\t<span class=\"elementor-counter-number\" data-duration=\"2000\" data-to-value=\"5\" data-from-value=\"0\" data-delimiter=\",\">0<\/span>\n\t\t\t\t<span class=\"elementor-counter-number-suffix\">centaines<\/span>\n\t\t\t<\/div>\n\t\t<\/div>\n\t\t\t\t\t\t<\/div>\n\t\t\t\t<\/div>\n\t\t\t\t\t<\/div>\n\t\t<\/div>\n\t\t\t\t<div class=\"elementor-column elementor-col-25 elementor-inner-column elementor-element elementor-element-f1d924c\" data-id=\"f1d924c\" data-element_type=\"column\">\n\t\t\t<div class=\"elementor-widget-wrap elementor-element-populated\">\n\t\t\t\t\t\t<div class=\"elementor-element elementor-element-daaa235 elementor-invisible elementor-widget elementor-widget-counter\" data-id=\"daaa235\" data-element_type=\"widget\" data-settings=\"{&quot;_animation&quot;:&quot;fadeInUp&quot;}\" data-widget_type=\"counter.default\">\n\t\t\t\t<div class=\"elementor-widget-container\">\n\t\t\t\t\t\t\t<div class=\"elementor-counter\">\n\t\t\t<div class=\"elementor-counter-title\">Utilisateurs enregistr\u00e9s sur nos plateformes <\/div>\t\t\t<div class=\"elementor-counter-number-wrapper\">\n\t\t\t\t<span class=\"elementor-counter-number-prefix\"><\/span>\n\t\t\t\t<span class=\"elementor-counter-number\" data-duration=\"2000\" data-to-value=\"2\" data-from-value=\"0\" data-delimiter=\",\">0<\/span>\n\t\t\t\t<span class=\"elementor-counter-number-suffix\">K<\/span>\n\t\t\t<\/div>\n\t\t<\/div>\n\t\t\t\t\t\t<\/div>\n\t\t\t\t<\/div>\n\t\t\t\t\t<\/div>\n\t\t<\/div>\n\t\t\t\t<div class=\"elementor-column elementor-col-25 elementor-inner-column elementor-element elementor-element-1333d4a elementor-hidden-mobile\" data-id=\"1333d4a\" data-element_type=\"column\">\n\t\t\t<div class=\"elementor-widget-wrap elementor-element-populated\">\n\t\t\t\t\t\t<div class=\"elementor-element elementor-element-cd30b92 elementor-invisible elementor-widget elementor-widget-counter\" data-id=\"cd30b92\" data-element_type=\"widget\" data-settings=\"{&quot;_animation&quot;:&quot;fadeInUp&quot;}\" data-widget_type=\"counter.default\">\n\t\t\t\t<div class=\"elementor-widget-container\">\n\t\t\t\t\t\t\t<div class=\"elementor-counter\">\n\t\t\t<div class=\"elementor-counter-title\">Marques partenaires et collaborateurs<\/div>\t\t\t<div class=\"elementor-counter-number-wrapper\">\n\t\t\t\t<span class=\"elementor-counter-number-prefix\"><\/span>\n\t\t\t\t<span class=\"elementor-counter-number\" data-duration=\"2000\" data-to-value=\"15\" data-from-value=\"0\" data-delimiter=\",\">0<\/span>\n\t\t\t\t<span class=\"elementor-counter-number-suffix\">+<\/span>\n\t\t\t<\/div>\n\t\t<\/div>\n\t\t\t\t\t\t<\/div>\n\t\t\t\t<\/div>\n\t\t\t\t\t<\/div>\n\t\t<\/div>\n\t\t\t\t<div class=\"elementor-column elementor-col-25 elementor-inner-column elementor-element elementor-element-edc42a4 elementor-hidden-mobile\" data-id=\"edc42a4\" data-element_type=\"column\">\n\t\t\t<div class=\"elementor-widget-wrap elementor-element-populated\">\n\t\t\t\t\t\t<div class=\"elementor-element elementor-element-aef57dd elementor-invisible elementor-widget elementor-widget-counter\" data-id=\"aef57dd\" data-element_type=\"widget\" data-settings=\"{&quot;_animation&quot;:&quot;fadeInUp&quot;}\" data-widget_type=\"counter.default\">\n\t\t\t\t<div class=\"elementor-widget-container\">\n\t\t\t\t\t\t\t<div class=\"elementor-counter\">\n\t\t\t<div class=\"elementor-counter-title\">Livraison rapide partout au S\u00e9n\u00e9gal<\/div>\t\t\t<div class=\"elementor-counter-number-wrapper\">\n\t\t\t\t<span class=\"elementor-counter-number-prefix\"><\/span>\n\t\t\t\t<span class=\"elementor-counter-number\" data-duration=\"2000\" data-to-value=\"24\" data-from-value=\"0\" data-delimiter=\",\">0<\/span>\n\t\t\t\t<span class=\"elementor-counter-number-suffix\">h<\/span>\n\t\t\t<\/div>\n\t\t<\/div>\n\t\t\t\t\t\t<\/div>\n\t\t\t\t<\/div>\n\t\t\t\t\t<\/div>\n\t\t<\/div>\n\t\t\t\t\t<\/div>\n\t\t<\/section>\n\t\t\t\t\t<\/div>\n\t\t<\/div>\n\t\t\t\t\t<\/div>\n\t\t<\/section>\n\t\t\t\t<section class=\"elementor-section elementor-top-section elementor-element elementor-element-1dd54a6 elementor-section-content-middle elementor-section-stretched elementor-section-boxed elementor-section-height-default elementor-section-height-default\" data-id=\"1dd54a6\" data-element_type=\"section\" data-settings=\"{&quot;stretch_section&quot;:&quot;section-stretched&quot;}\">\n\t\t\t\t\t\t<div class=\"elementor-container elementor-column-gap-custom\">\n\t\t\t\t\t<div class=\"elementor-column elementor-col-50 elementor-top-column elementor-element elementor-element-6038a51\" data-id=\"6038a51\" data-element_type=\"column\">\n\t\t\t<div class=\"elementor-widget-wrap elementor-element-populated\">\n\t\t\t\t\t\t<div class=\"elementor-element elementor-element-1220822 elementor-invisible elementor-widget elementor-widget-image\" data-id=\"1220822\" data-element_type=\"widget\" data-settings=\"{&quot;_animation&quot;:&quot;fadeInLeft&quot;}\" data-widget_type=\"image.default\">\n\t\t\t\t<div class=\"elementor-widget-container\">\n\t\t\t\t\t\t\t\t\t\t\t\t\t\t\t<img loading=\"lazy\" loading=\"lazy\" decoding=\"async\" width=\"828\" height=\"455\" src=\"https:\/\/thiesinnovationcenter.sn\/wp-content\/uploads\/2025\/03\/IMG_4211.jpeg\" class=\"attachment-full size-full wp-image-3594\" alt=\"\" srcset=\"https:\/\/thiesinnovationcenter.sn\/wp-content\/uploads\/2025\/03\/IMG_4211.jpeg 828w, https:\/\/thiesinnovationcenter.sn\/wp-content\/uploads\/2025\/03\/IMG_4211-300x165.jpeg 300w, https:\/\/thiesinnovationcenter.sn\/wp-content\/uploads\/2025\/03\/IMG_4211-768x422.jpeg 768w, https:\/\/thiesinnovationcenter.sn\/wp-content\/uploads\/2025\/03\/IMG_4211-600x330.jpeg 600w, https:\/\/thiesinnovationcenter.sn\/wp-content\/uploads\/2025\/03\/IMG_4211-1x1.jpeg 1w, https:\/\/thiesinnovationcenter.sn\/wp-content\/uploads\/2025\/03\/IMG_4211-10x5.jpeg 10w\" sizes=\"auto, (max-width: 828px) 100vw, 828px\" \/>\t\t\t\t\t\t\t\t\t\t\t\t\t\t\t<\/div>\n\t\t\t\t<\/div>\n\t\t\t\t\t<\/div>\n\t\t<\/div>\n\t\t\t\t<div class=\"elementor-column elementor-col-50 elementor-top-column elementor-element elementor-element-099a320\" data-id=\"099a320\" data-element_type=\"column\">\n\t\t\t<div class=\"elementor-widget-wrap elementor-element-populated\">\n\t\t\t\t\t\t<div class=\"elementor-element elementor-element-0911873 elementor-invisible elementor-widget elementor-widget-heading\" data-id=\"0911873\" data-element_type=\"widget\" data-settings=\"{&quot;_animation&quot;:&quot;fadeInRight&quot;}\" data-widget_type=\"heading.default\">\n\t\t\t\t<div class=\"elementor-widget-container\">\n\t\t\t\t\t<h2 class=\"elementor-heading-title elementor-size-default\">Un Service Client Prioritaire<\/h2>\t\t\t\t<\/div>\n\t\t\t\t<\/div>\n\t\t\t\t<div class=\"elementor-element elementor-element-aafe1db elementor-invisible elementor-widget elementor-widget-text-editor\" data-id=\"aafe1db\" data-element_type=\"widget\" data-settings=\"{&quot;_animation&quot;:&quot;fadeInRight&quot;}\" data-widget_type=\"text-editor.default\">\n\t\t\t\t<div class=\"elementor-widget-container\">\n\t\t\t\t\t\t\t\t\t<p data-pm-slice=\"1 1 []\">Nous sommes disponibles 24\/7\/365 pour vous assister ! Vous souhaitez offrir un cadeau ? Profitez de notre service de packaging personnalis\u00e9. Besoin de conseils ? Nos experts vous guident pour faire le meilleur choix en fonction de vos besoins.<\/p>\t\t\t\t\t\t\t\t<\/div>\n\t\t\t\t<\/div>\n\t\t\t\t<div class=\"elementor-element elementor-element-02105b3 elementor-invisible elementor-widget elementor-widget-text_button\" data-id=\"02105b3\" data-element_type=\"widget\" data-settings=\"{&quot;_animation&quot;:&quot;fadeInUp&quot;}\" data-widget_type=\"text_button.default\">\n\t\t\t\t<div class=\"elementor-widget-container\">\n\t\t\t\t\t<div class=\"etheme-button-wrapper\"><a href=\"#\" class=\"fill-bottom has-fill etheme-text-button elementor-button\" role=\"button\">\r\n        <span class=\"elementor-button-content-wrapper\">\r\n            \r\n\t\t\t<span class=\"elementor-button-text\">Contactez-nous d\u00e8s maintenant !<\/span>\r\n\r\n            \r\n            \r\n        <\/span><\/a><\/div>\t\t\t\t<\/div>\n\t\t\t\t<\/div>\n\t\t\t\t\t<\/div>\n\t\t<\/div>\n\t\t\t\t\t<\/div>\n\t\t<\/section>\n\t\t\t\t<\/div>\n\t\t","protected":false},"excerpt":{"rendered":"<p>Thies Innovation Center \u2014 Maximum Opportunities Thies Innovation Center est la boutique de r\u00e9f\u00e9rence pour la vente de composants \u00e9lectroniques au S\u00e9n\u00e9gal. Son format moderne&#8230;<\/p>\n","protected":false},"author":1,"featured_media":0,"parent":0,"menu_order":0,"comment_status":"closed","ping_status":"closed","template":"","meta":{"footnotes":""},"class_list":["post-35","page","type-page","status-publish","hentry"],"jetpack_sharing_enabled":true,"_links":{"self":[{"href":"https:\/\/thiesinnovationcenter.sn\/index.php?rest_route=\/wp\/v2\/pages\/35","targetHints":{"allow":["GET"]}}],"collection":[{"href":"https:\/\/thiesinnovationcenter.sn\/index.php?rest_route=\/wp\/v2\/pages"}],"about":[{"href":"https:\/\/thiesinnovationcenter.sn\/index.php?rest_route=\/wp\/v2\/types\/page"}],"author":[{"embeddable":true,"href":"https:\/\/thiesinnovationcenter.sn\/index.php?rest_route=\/wp\/v2\/users\/1"}],"replies":[{"embeddable":true,"href":"https:\/\/thiesinnovationcenter.sn\/index.php?rest_route=%2Fwp%2Fv2%2Fcomments&post=35"}],"version-history":[{"count":9,"href":"https:\/\/thiesinnovationcenter.sn\/index.php?rest_route=\/wp\/v2\/pages\/35\/revisions"}],"predecessor-version":[{"id":3828,"href":"https:\/\/thiesinnovationcenter.sn\/index.php?rest_route=\/wp\/v2\/pages\/35\/revisions\/3828"}],"wp:attachment":[{"href":"https:\/\/thiesinnovationcenter.sn\/index.php?rest_route=%2Fwp%2Fv2%2Fmedia&parent=35"}],"curies":[{"name":"wp","href":"https:\/\/api.w.org\/{rel}","templated":true}]}}